{"id":23,"date":"2017-08-13T00:58:03","date_gmt":"2017-08-12T22:58:03","guid":{"rendered":"http:\/\/1928.sk\/llakurzy\/celozivotnevzdelavaniepreucitelov\/?page_id=23"},"modified":"2018-03-14T20:53:51","modified_gmt":"2018-03-14T19:53:51","slug":"skoliace-stredisko","status":"publish","type":"page","link":"http:\/\/llakurzy.sk\/zabezpecenieimplementaciegdpr\/skoliace-stredisko\/","title":{"rendered":"\u0160KOLIACE STREDISKO"},"content":{"rendered":"<div id=\"pl-23\"  class=\"panel-layout\" ><div id=\"pg-23-0\"  class=\"panel-grid panel-no-style\" ><div id=\"pgc-23-0-0\"  class=\"panel-grid-cell\" ><div id=\"panel-23-0-0-0\" class=\"so-panel widget widget_sow-editor panel-first-child panel-last-child\" data-index=\"0\" ><div class=\"so-widget-sow-editor so-widget-sow-editor-base\">\n<div class=\"siteorigin-widget-tinymce textwidget\">\n\t<img loading=\"lazy\" decoding=\"async\" class=\"alignnone size-full wp-image-511\" src=\"http:\/\/llakurzy.sk\/zabezpecenieimplementaciegdpr\/wp-content\/uploads\/2018\/03\/1.jpg\" alt=\"\" width=\"558\" height=\"488\" srcset=\"http:\/\/llakurzy.sk\/zabezpecenieimplementaciegdpr\/wp-content\/uploads\/2018\/03\/1.jpg 558w, http:\/\/llakurzy.sk\/zabezpecenieimplementaciegdpr\/wp-content\/uploads\/2018\/03\/1-300x262.jpg 300w\" sizes=\"auto, (max-width: 558px) 100vw, 558px\" \/><\/div>\n<\/div><\/div><\/div><div id=\"pgc-23-0-1\"  class=\"panel-grid-cell\" ><div id=\"panel-23-0-1-0\" class=\"so-panel widget widget_sow-editor panel-first-child panel-last-child\" data-index=\"1\" ><div class=\"so-widget-sow-editor so-widget-sow-editor-base\">\n<div class=\"siteorigin-widget-tinymce textwidget\">\n\t<p><strong>Vzdel\u00e1vacie kurzy Labour Law Association\/Asoci\u00e1cia pracovn\u00e9ho pr\u00e1va<\/strong> sa uskuto\u010d\u0148uj\u00fa vo vlastnom \u0161koliacom stredisku Labour Law Association\/Asoci\u00e1cia pracovn\u00e9ho pr\u00e1va.<\/p>\n<p>\u0160koliace stredisko sp\u013a\u0148a najpr\u00edsnej\u0161ie krit\u00e9ria na kvalitu v\u00fdu\u010dbov\u00e9ho priestoru, disponuje modernou premietacou a ozvu\u010dovacou technikou vr\u00e1tane r\u00fdchleho bezplatn\u00e9ho internetov\u00e9ho pripojenia pre \u00fa\u010dastn\u00edkov vzdel\u00e1vac\u00edch kurzov.<\/p>\n<p>V priestoroch \u0161koliaceho strediska je k dispoz\u00edcia prezen\u010dn\u00e1 kni\u017enica s dom\u00e1cimi i zahrani\u010dn\u00fdmi odborn\u00fdmi publik\u00e1ci\u00e1mi z oblasti pracovn\u00e9ho pr\u00e1va, pr\u00e1va soci\u00e1lneho zabezpe\u010denia a s\u00favisiacimi vedn\u00fdmi discipl\u00ednami.<\/p>\n<p>Kde n\u00e1jdete <strong>\u0161koliace stredisko<\/strong> Labour Law Association\/Asoci\u00e1cia pracovn\u00e9ho pr\u00e1va:<\/p>\n<p><strong>Labour Law Association\/Asoci\u00e1cia pracovn\u00e9ho pr\u00e1va<\/strong><\/p>\n<p><strong>Spartakovsk\u00e1 24<\/strong><\/p>\n<p><strong>917 01 Trnava<\/strong><\/p>\n<\/div>\n<\/div><\/div><\/div><\/div><div id=\"pg-23-1\"  class=\"panel-grid panel-no-style\" ><div id=\"pgc-23-1-0\"  class=\"panel-grid-cell\" ><div id=\"panel-23-1-0-0\" class=\"so-panel widget widget_sow-editor panel-first-child panel-last-child\" data-index=\"2\" ><div class=\"so-widget-sow-editor so-widget-sow-editor-base\">\n<div class=\"siteorigin-widget-tinymce textwidget\">\n\t<p><strong>Spojenie MHD:<\/strong><\/p>\n<p>Linka \u010d. <strong>4<\/strong> - v\u00fdstup na z\u00e1stavke Spartakovsk\u00e1 v oboch smeroch z\/do \u017delezni\u010dn\u00e1 stanica\/Autobusov\u00e1 stanica (\u0161koliace stredisko sa nach\u00e1dza 3 min od zast\u00e1vky)<\/p>\n<\/div>\n<\/div><\/div><\/div><div id=\"pgc-23-1-1\"  class=\"panel-grid-cell\" ><div id=\"panel-23-1-1-0\" class=\"so-panel widget widget_sow-editor panel-first-child panel-last-child\" data-index=\"3\" ><div class=\"so-widget-sow-editor so-widget-sow-editor-base\">\n<div class=\"siteorigin-widget-tinymce textwidget\">\n\t<p><strong>Spojenie osobn\u00fdm motorov\u00fdm vozidlom:<\/strong><\/p>\n<p><iframe loading=\"lazy\" style=\"border: 0;\" src=\"https:\/\/www.google.com\/maps\/embed?pb=!1m18!1m12!1m3!1d2650.2009691956696!2d17.597296215657362!3d48.37587557924322!2m3!1f0!2f0!3f0!3m2!1i1024!2i768!4f13.1!3m3!1m2!1s0x476b5f7930650e59%3A0x3091e77d5e8f5161!2sSpartakovsk%C3%A1+6832%2F24%2C+917+01+Trnava%2C+Slovensko!5e0!3m2!1ssk!2sit!4v1504736245733\" width=\"600\" height=\"450\" frameborder=\"0\" allowfullscreen=\"allowfullscreen\"><\/iframe><\/p>\n<p>Parkovanie motorov\u00fdch vozidiel je mo\u017en\u00e9 na verejn\u00fdch bezplatn\u00fdch parkovisk\u00e1ch priamo pred \u0161koliacim strediskom.<\/p>\n<p>\u010eal\u0161ie inform\u00e1cie m\u00f4\u017eete z\u00edska\u0165 u zodpovednej osoby organiz\u00e1tora TU<\/p>\n<\/div>\n<\/div><\/div><\/div><\/div><div id=\"pg-23-2\"  class=\"panel-grid panel-no-style\" ><div id=\"pgc-23-2-0\"  class=\"panel-grid-cell\" ><div id=\"panel-23-2-0-0\" class=\"so-panel widget widget_sow-editor panel-first-child panel-last-child\" data-index=\"4\" ><div class=\"so-widget-sow-editor so-widget-sow-editor-base\">\n<div class=\"siteorigin-widget-tinymce textwidget\">\n\t<img loading=\"lazy\" decoding=\"async\" class=\"alignnone size-full wp-image-512\" src=\"http:\/\/llakurzy.sk\/zabezpecenieimplementaciegdpr\/wp-content\/uploads\/2018\/03\/2.jpg\" alt=\"\" width=\"558\" height=\"488\" srcset=\"http:\/\/llakurzy.sk\/zabezpecenieimplementaciegdpr\/wp-content\/uploads\/2018\/03\/2.jpg 558w, http:\/\/llakurzy.sk\/zabezpecenieimplementaciegdpr\/wp-content\/uploads\/2018\/03\/2-300x262.jpg 300w\" sizes=\"auto, (max-width: 558px) 100vw, 558px\" \/><\/div>\n<\/div><\/div><\/div><div id=\"pgc-23-2-1\"  class=\"panel-grid-cell\" ><div id=\"panel-23-2-1-0\" class=\"so-panel widget widget_sow-editor panel-first-child panel-last-child\" data-index=\"5\" ><div class=\"so-widget-sow-editor so-widget-sow-editor-base\">\n<div class=\"siteorigin-widget-tinymce textwidget\">\n\t<img loading=\"lazy\" decoding=\"async\" class=\"alignnone size-full wp-image-513\" src=\"http:\/\/llakurzy.sk\/zabezpecenieimplementaciegdpr\/wp-content\/uploads\/2018\/03\/3.jpg\" alt=\"\" width=\"558\" height=\"488\" srcset=\"http:\/\/llakurzy.sk\/zabezpecenieimplementaciegdpr\/wp-content\/uploads\/2018\/03\/3.jpg 558w, http:\/\/llakurzy.sk\/zabezpecenieimplementaciegdpr\/wp-content\/uploads\/2018\/03\/3-300x262.jpg 300w\" sizes=\"auto, (max-width: 558px) 100vw, 558px\" \/><\/div>\n<\/div><\/div><\/div><\/div><\/div>","protected":false},"excerpt":{"rendered":"<p>Vzdel\u00e1vacie kurzy Labour Law Association\/Asoci\u00e1cia pracovn\u00e9ho pr\u00e1va sa uskuto\u010d\u0148uj\u00fa vo vlastnom \u0161koliacom stredisku Labour Law Association\/Asoci\u00e1cia pracovn\u00e9ho pr\u00e1va. \u0160koliace stredisko sp\u013a\u0148a najpr\u00edsnej\u0161ie krit\u00e9ria na kvalitu v\u00fdu\u010dbov\u00e9ho priestoru, disponuje modernou premietacou a ozvu\u010dovacou technikou vr\u00e1tane r\u00fdchleho bezplatn\u00e9ho internetov\u00e9ho pripojenia pre \u00fa\u010dastn\u00edkov vzdel\u00e1vac\u00edch kurzov. V priestoroch \u0161koliaceho strediska je k dispoz\u00edcia prezen\u010dn\u00e1 kni\u017enica s dom\u00e1cimi i zahrani\u010dn\u00fdmi [&hellip;]<\/p>\n","protected":false},"author":1,"featured_media":0,"parent":0,"menu_order":0,"comment_status":"closed","ping_status":"closed","template":"skoliacestredisko.php","meta":{"footnotes":""},"class_list":["post-23","page","type-page","status-publish","hentry"],"_links":{"self":[{"href":"http:\/\/llakurzy.sk\/zabezpecenieimplementaciegdpr\/wp-json\/wp\/v2\/pages\/23","targetHints":{"allow":["GET"]}}],"collection":[{"href":"http:\/\/llakurzy.sk\/zabezpecenieimplementaciegdpr\/wp-json\/wp\/v2\/pages"}],"about":[{"href":"http:\/\/llakurzy.sk\/zabezpecenieimplementaciegdpr\/wp-json\/wp\/v2\/types\/page"}],"author":[{"embeddable":true,"href":"http:\/\/llakurzy.sk\/zabezpecenieimplementaciegdpr\/wp-json\/wp\/v2\/users\/1"}],"replies":[{"embeddable":true,"href":"http:\/\/llakurzy.sk\/zabezpecenieimplementaciegdpr\/wp-json\/wp\/v2\/comments?post=23"}],"version-history":[{"count":27,"href":"http:\/\/llakurzy.sk\/zabezpecenieimplementaciegdpr\/wp-json\/wp\/v2\/pages\/23\/revisions"}],"predecessor-version":[{"id":519,"href":"http:\/\/llakurzy.sk\/zabezpecenieimplementaciegdpr\/wp-json\/wp\/v2\/pages\/23\/revisions\/519"}],"wp:attachment":[{"href":"http:\/\/llakurzy.sk\/zabezpecenieimplementaciegdpr\/wp-json\/wp\/v2\/media?parent=23"}],"curies":[{"name":"wp","href":"https:\/\/api.w.org\/{rel}","templated":true}]}}