{"id":15,"date":"2017-08-13T00:53:14","date_gmt":"2017-08-12T22:53:14","guid":{"rendered":"http:\/\/1928.sk\/llakurzy\/celozivotnevzdelavaniepreucitelov\/?page_id=15"},"modified":"2018-03-17T09:36:13","modified_gmt":"2018-03-17T08:36:13","slug":"o-nas","status":"publish","type":"page","link":"http:\/\/llakurzy.sk\/zabezpecenieimplementaciegdpr\/o-nas\/","title":{"rendered":"O N\u00c1S"},"content":{"rendered":"<div id=\"pl-15\"  class=\"panel-layout\" ><div id=\"pg-15-0\"  class=\"panel-grid panel-no-style\" ><div id=\"pgc-15-0-0\"  class=\"panel-grid-cell\" ><div id=\"panel-15-0-0-0\" class=\"so-panel widget widget_sow-editor panel-first-child\" data-index=\"0\" ><div class=\"so-widget-sow-editor so-widget-sow-editor-base\">\n<div class=\"siteorigin-widget-tinymce textwidget\">\n\t<p><img loading=\"lazy\" decoding=\"async\" class=\"alignnone size-full wp-image-571 aligncenter\" src=\"http:\/\/llakurzy.sk\/zabezpecenieimplementaciegdpr\/wp-content\/uploads\/2018\/03\/lla-logo.jpg\" alt=\"\" width=\"636\" height=\"94\" srcset=\"http:\/\/llakurzy.sk\/zabezpecenieimplementaciegdpr\/wp-content\/uploads\/2018\/03\/lla-logo.jpg 636w, http:\/\/llakurzy.sk\/zabezpecenieimplementaciegdpr\/wp-content\/uploads\/2018\/03\/lla-logo-300x44.jpg 300w\" sizes=\"auto, (max-width: 636px) 100vw, 636px\" \/><\/p>\n<\/div>\n<\/div><\/div><div id=\"panel-15-0-0-1\" class=\"so-panel widget widget_sow-editor panel-last-child\" data-index=\"1\" ><div class=\"panel-widget-style panel-widget-style-for-15-0-0-1\" ><div class=\"so-widget-sow-editor so-widget-sow-editor-base\">\n<div class=\"siteorigin-widget-tinymce textwidget\">\n\t<p><strong>Labour Law Association\/Asoci\u00e1cia pracovn\u00e9ho pr\u00e1va<\/strong> zdru\u017euje odborn\u00edkov z\u00a0oblasti pracovn\u00e9ho pr\u00e1va a\u00a0z\u00a0odborov, ktor\u00e9 s\u00favisia s\u00a0pracovnopr\u00e1vnou agendou, pri\u010dom jej \u010dlenovia predstavuj\u00fa v danej oblasti v\u0161eobecne uzn\u00e1van\u00e9 autority zo strany odbornej i laickej verejnosti.<\/p>\n<p>Labour Law Association\/Asoci\u00e1cia pracovn\u00e9ho pr\u00e1va <strong>predstavuje jedin\u00e9ho profesijn\u00e9ho z\u00e1stupcu Slovenskej republiky v oboch relevantn\u00fdch medzin\u00e1rodn\u00fdch organiz\u00e1ci\u00e1ch<\/strong> pri Medzin\u00e1rodnej organiz\u00e1cii pr\u00e1ce v \u017deneve. Labour Law Association\/Asoci\u00e1cia pracovn\u00e9ho pr\u00e1va je \u010dlenom International Labour and Employment Relations Association (ILERA) a prest\u00ed\u017enej International Society for Labour and Social Security Law (ISLSSL).<\/p>\n<p>Labour Law Association\/Asoci\u00e1cia pracovn\u00e9ho pr\u00e1va nap\u013a\u0148a svoje ciele v podobe podpory rozvoja vedy pracovn\u00e9ho pr\u00e1va, vedeckej a vedecko-populariza\u010dnej pr\u00e1ce v\u00a0odbore pracovn\u00e9ho pr\u00e1va a\u00a0v\u00a0odboroch, ktor\u00e9 s\u00favisia s\u00a0pracovnopr\u00e1vnou agendou, rozvoja efekt\u00edvnej spolupr\u00e1ce medzi teoretick\u00fdmi a praktick\u00fdmi pracoviskami venuj\u00facimi sa pracovnopr\u00e1vnej oblasti, podpory \u010dlenov akt\u00edvne p\u00f4sobiacich v\u00a0pracovnopr\u00e1vnej oblasti v\u00a0ich odbornej \u010dinnosti najm\u00e4 vedeckou, konzulta\u010dnou, poradenskou, informa\u010dnou, vzdel\u00e1vacou, publika\u010dnou \u010dinnos\u0165ou, vyd\u00e1van\u00edm odborn\u00fdch \u010dasopisov a period\u00edk, organizovan\u00edm vedeck\u00fdch a odborn\u00fdch podujat\u00ed, spolupr\u00e1cou s\u00a0in\u0161tit\u00faciami a\u00a0jednotlivcami p\u00f4sobiacimi v\u00a0pracovnopr\u00e1vnej oblasti v Slovenskej republike\u00a0 a\u00a0v\u00a0zahrani\u010d\u00ed.<\/p>\n<p>Bli\u017e\u0161ie inform\u00e1cie o vedeck\u00fdch a publika\u010dn\u00fdch aktivit\u00e1ch, pr\u00edpadne o \u010dlenoch Labour Law Association\/Asoci\u00e1cia pracovn\u00e9ho pr\u00e1va z\u00edskate na webovom s\u00eddle Labour Law Association\/Asoci\u00e1cia pracovn\u00e9ho pr\u00e1va <a href=\"http:\/\/laborlaw.sk\">TU<\/a><\/p>\n<\/div>\n<\/div><\/div><\/div><\/div><\/div><div id=\"pg-15-1\"  class=\"panel-grid panel-no-style\" ><div id=\"pgc-15-1-0\"  class=\"panel-grid-cell\" ><div id=\"panel-15-1-0-0\" class=\"so-panel widget widget_sow-editor panel-first-child panel-last-child\" data-index=\"2\" ><div class=\"panel-widget-style panel-widget-style-for-15-1-0-0\" ><div class=\"so-widget-sow-editor so-widget-sow-editor-base\">\n<div class=\"siteorigin-widget-tinymce textwidget\">\n\t<h3>Member of<\/h3>\n<\/div>\n<\/div><\/div><\/div><\/div><\/div><div id=\"pg-15-2\"  class=\"panel-grid panel-no-style\" ><div id=\"pgc-15-2-0\"  class=\"panel-grid-cell\" ><div id=\"panel-15-2-0-0\" class=\"so-panel widget widget_sow-editor panel-first-child panel-last-child\" data-index=\"3\" ><div class=\"panel-widget-style panel-widget-style-for-15-2-0-0\" ><div class=\"so-widget-sow-editor so-widget-sow-editor-base\">\n<div class=\"siteorigin-widget-tinymce textwidget\">\n\t<p><img loading=\"lazy\" decoding=\"async\" class=\"alignnone size-full wp-image-532 aligncenter\" src=\"http:\/\/llakurzy.sk\/zabezpecenieimplementaciegdpr\/wp-content\/uploads\/2018\/03\/logo-ilera.png\" alt=\"\" width=\"225\" height=\"225\" srcset=\"http:\/\/llakurzy.sk\/zabezpecenieimplementaciegdpr\/wp-content\/uploads\/2018\/03\/logo-ilera.png 225w, http:\/\/llakurzy.sk\/zabezpecenieimplementaciegdpr\/wp-content\/uploads\/2018\/03\/logo-ilera-150x150.png 150w\" sizes=\"auto, (max-width: 225px) 100vw, 225px\" \/><\/p>\n<\/div>\n<\/div><\/div><\/div><\/div><div id=\"pgc-15-2-1\"  class=\"panel-grid-cell\" ><div id=\"panel-15-2-1-0\" class=\"so-panel widget widget_sow-editor panel-first-child panel-last-child\" data-index=\"4\" ><div class=\"panel-widget-style panel-widget-style-for-15-2-1-0\" ><div class=\"so-widget-sow-editor so-widget-sow-editor-base\">\n<div class=\"siteorigin-widget-tinymce textwidget\">\n\t<p><img loading=\"lazy\" decoding=\"async\" class=\"alignnone size-full wp-image-533 aligncenter\" src=\"http:\/\/llakurzy.sk\/zabezpecenieimplementaciegdpr\/wp-content\/uploads\/2018\/03\/logo-islssl.jpg\" alt=\"\" width=\"470\" height=\"107\" srcset=\"http:\/\/llakurzy.sk\/zabezpecenieimplementaciegdpr\/wp-content\/uploads\/2018\/03\/logo-islssl.jpg 470w, http:\/\/llakurzy.sk\/zabezpecenieimplementaciegdpr\/wp-content\/uploads\/2018\/03\/logo-islssl-300x68.jpg 300w\" sizes=\"auto, (max-width: 470px) 100vw, 470px\" \/><\/p>\n<\/div>\n<\/div><\/div><\/div><\/div><\/div><\/div>","protected":false},"excerpt":{"rendered":"<p>Labour Law Association\/Asoci\u00e1cia pracovn\u00e9ho pr\u00e1va zdru\u017euje odborn\u00edkov z\u00a0oblasti pracovn\u00e9ho pr\u00e1va a\u00a0z\u00a0odborov, ktor\u00e9 s\u00favisia s\u00a0pracovnopr\u00e1vnou agendou, pri\u010dom jej \u010dlenovia predstavuj\u00fa v danej oblasti v\u0161eobecne uzn\u00e1van\u00e9 autority zo strany odbornej i laickej verejnosti. Labour Law Association\/Asoci\u00e1cia pracovn\u00e9ho pr\u00e1va predstavuje jedin\u00e9ho profesijn\u00e9ho z\u00e1stupcu Slovenskej republiky v oboch relevantn\u00fdch medzin\u00e1rodn\u00fdch organiz\u00e1ci\u00e1ch pri Medzin\u00e1rodnej organiz\u00e1cii pr\u00e1ce v \u017deneve. Labour Law [&hellip;]<\/p>\n","protected":false},"author":1,"featured_media":0,"parent":0,"menu_order":0,"comment_status":"closed","ping_status":"closed","template":"onas.php","meta":{"footnotes":""},"class_list":["post-15","page","type-page","status-publish","hentry"],"_links":{"self":[{"href":"http:\/\/llakurzy.sk\/zabezpecenieimplementaciegdpr\/wp-json\/wp\/v2\/pages\/15","targetHints":{"allow":["GET"]}}],"collection":[{"href":"http:\/\/llakurzy.sk\/zabezpecenieimplementaciegdpr\/wp-json\/wp\/v2\/pages"}],"about":[{"href":"http:\/\/llakurzy.sk\/zabezpecenieimplementaciegdpr\/wp-json\/wp\/v2\/types\/page"}],"author":[{"embeddable":true,"href":"http:\/\/llakurzy.sk\/zabezpecenieimplementaciegdpr\/wp-json\/wp\/v2\/users\/1"}],"replies":[{"embeddable":true,"href":"http:\/\/llakurzy.sk\/zabezpecenieimplementaciegdpr\/wp-json\/wp\/v2\/comments?post=15"}],"version-history":[{"count":24,"href":"http:\/\/llakurzy.sk\/zabezpecenieimplementaciegdpr\/wp-json\/wp\/v2\/pages\/15\/revisions"}],"predecessor-version":[{"id":573,"href":"http:\/\/llakurzy.sk\/zabezpecenieimplementaciegdpr\/wp-json\/wp\/v2\/pages\/15\/revisions\/573"}],"wp:attachment":[{"href":"http:\/\/llakurzy.sk\/zabezpecenieimplementaciegdpr\/wp-json\/wp\/v2\/media?parent=15"}],"curies":[{"name":"wp","href":"https:\/\/api.w.org\/{rel}","templated":true}]}}