{"id":13,"date":"2017-08-13T00:53:01","date_gmt":"2017-08-12T22:53:01","guid":{"rendered":"http:\/\/1928.sk\/llakurzy\/celozivotnevzdelavaniepreucitelov\/?page_id=13"},"modified":"2018-03-17T09:09:44","modified_gmt":"2018-03-17T08:09:44","slug":"kurzy","status":"publish","type":"page","link":"http:\/\/llakurzy.sk\/zabezpecenieimplementaciegdpr\/","title":{"rendered":"KURZY"},"content":{"rendered":"<div id=\"pl-13\"  class=\"panel-layout\" ><div id=\"pg-13-0\"  class=\"panel-grid panel-no-style\" ><div id=\"pgc-13-0-0\"  class=\"panel-grid-cell\" ><div id=\"panel-13-0-0-0\" class=\"so-panel widget widget_sow-editor panel-first-child panel-last-child\" data-index=\"0\" ><div class=\"panel-widget-style panel-widget-style-for-13-0-0-0\" ><div class=\"so-widget-sow-editor so-widget-sow-editor-base\">\n<div class=\"siteorigin-widget-tinymce textwidget\">\n\t<p style=\"text-align: left;\"><strong>Cie\u013eom ponuky je zabezpe\u010denie procesu implement\u00e1cie novej pr\u00e1vnej \u00fapravy v\u00a0oblasti ochrany osobn\u00fdch \u00fadajov (v\u0161eobecn\u00e9 nariadenie o\u00a0ochrane \u00a0\u00fadajov, z\u00e1kon o\u00a0ochrane osobn\u00fdch \u00fadajov vr\u00e1tane vykon\u00e1vac\u00edch predpisov). <\/strong>\n\n\n<p style=\"text-align: left;\"><strong>Ponuka pozost\u00e1va z realiz\u00e1cie 5 projektov\u00fdch \u010dinnost\u00ed, ktor\u00e9 zabezpe\u010dia klientovi dlhodob\u00fa profesion\u00e1lnu starostlivos\u0165 o ochranu osobn\u00fdch \u00fadajov v jeho spolo\u010dnosti.<\/strong>\n\n<\/div>\n<\/div><\/div><\/div><\/div><\/div><div id=\"pg-13-1\"  class=\"panel-grid panel-no-style\" ><div id=\"pgc-13-1-0\"  class=\"panel-grid-cell\" ><div id=\"panel-13-1-0-0\" class=\"so-panel widget widget_sow-editor panel-first-child panel-last-child\" data-index=\"1\" ><div class=\"panel-widget-style panel-widget-style-for-13-1-0-0\" ><div class=\"so-widget-sow-editor so-widget-sow-editor-base\">\n<div class=\"siteorigin-widget-tinymce textwidget\">\n\t<ol style=\"text-align: left;\">\n<li><span style=\"font-weight: 400;\"> etapa projektovej \u010dinnosti: <\/span><b>Pr\u00e1vna anal\u00fdza a\u00a0d\u00e1tov\u00e1 anal\u00fdza<\/b><\/li>\n<\/ol>\n<p style=\"text-align: left;\"><strong>Predpokladan\u00fd \u010dasov\u00fd harmonogram: 1 \u2013 1,5 mesiaca (v z\u00e1vislosti od podmienok prev\u00e1dzkovate\u013ea)<\/strong>\n\n\n<ul style=\"text-align: left;\">\n<li style=\"font-weight: 400;\"><span style=\"font-weight: 400;\">identifik\u00e1cia v\u0161etk\u00fdch informa\u010dn\u00fdch syst\u00e9mov, aplik\u00e1ci\u00ed, softv\u00e9ru (na horizont\u00e1lnej \u00farovni) v\u00a0prepojen\u00ed so v\u0161etk\u00fdmi pracovn\u00fdmi poz\u00edciami, pri ktor\u00fdch prebieha sprac\u00favanie osobn\u00fdch \u00fadajov v\u00a0prostred\u00ed prev\u00e1dzkovate\u013ea (na vertik\u00e1lnej \u00farovni), a\u017e po \u00farove\u0148 jednotliv\u00fdch procesov, vr\u00e1tane ka\u017edej individu\u00e1lnej spracovate\u013eskej oper\u00e1cie,<\/span><\/li>\n<li style=\"font-weight: 400;\"><span style=\"font-weight: 400;\">identifik\u00e1cia v\u0161etk\u00fdch prostriedkov sprac\u00favania osobn\u00fdch \u00fadajov (softv\u00e9r, hardv\u00e9r, kamery, \u00falo\u017en\u00e9 zariadenia pre neautomatizovan\u00e9 sprac\u00favanie a\u00a0pod.), <\/span><\/li>\n<li style=\"font-weight: 400;\"><span style=\"font-weight: 400;\">identifik\u00e1cia zmluvn\u00fdch (obchodn\u00fdch) partnerov,<\/span><\/li>\n<li style=\"font-weight: 400;\"><span style=\"font-weight: 400;\">mapovanie \u017eivotn\u00e9ho cyklu osobn\u00fdch \u00fadajov v\u00a0jednotliv\u00fdch informa\u010dn\u00fdch syst\u00e9moch od momentu ich z\u00edskania a\u017e po ich likvid\u00e1ciu (\u00fa\u010del sprac\u00favania, pr\u00e1vny z\u00e1klad, zoznam\/rozsah osobn\u00fdch \u00fadajov, v\u0161etky spracovate\u013esk\u00e9 oper\u00e1cie (napr. z\u00edskavanie, prehliadanie, zoskupovanie, poskytovanie, zverej\u0148ovanie, likvid\u00e1cia),<\/span><\/li>\n<li style=\"font-weight: 400;\"><span style=\"font-weight: 400;\">uchov\u00e1vanie osobn\u00fdch \u00fadajov v\u00a0automatizovanej aj neautomatizovanej forme \u2013 sp\u00f4sob uchov\u00e1vania \u00fadajov, lehoty uchov\u00e1vania, minimaliz\u00e1cia uchov\u00e1vania, pr\u00e1vny z\u00e1klad, primeranos\u0165,<\/span><\/li>\n<li style=\"font-weight: 400;\"><span style=\"font-weight: 400;\">vytv\u00e1ranie sekund\u00e1rnych osobn\u00fdch \u00fadajov v\u00a0prostred\u00ed spr\u00e1vy sie\u0165ovej bezpe\u010dnosti,<\/span><\/li>\n<li style=\"font-weight: 400;\"><span style=\"font-weight: 400;\">identifik\u00e1cia existuj\u00facich bezpe\u010dnostn\u00fdch opatren\u00ed, mechanizmov na mana\u017ement riz\u00edk, kr\u00edzov\u00fd pl\u00e1n obnovy, identifik\u00e1cia bezpe\u010dnostn\u00fdch incidentov,<\/span><\/li>\n<li style=\"font-weight: 400;\"><span style=\"font-weight: 400;\">identifik\u00e1cia dopadov na pr\u00e1va dotknut\u00fdch os\u00f4b, na ich s\u00fakromie pri jednotliv\u00fdch spracovate\u013esk\u00fdch oper\u00e1ci\u00e1ch \u2013 anal\u00fdza dopadov na pr\u00e1va a\u00a0slobody dotknut\u00fdch os\u00f4b.<\/span><\/li>\n<\/ul><\/div>\n<\/div><\/div><\/div><\/div><\/div><div id=\"pg-13-2\"  class=\"panel-grid panel-no-style\" ><div id=\"pgc-13-2-0\"  class=\"panel-grid-cell\" ><div id=\"panel-13-2-0-0\" class=\"so-panel widget widget_sow-editor panel-first-child panel-last-child\" data-index=\"2\" ><div class=\"panel-widget-style panel-widget-style-for-13-2-0-0\" ><div class=\"so-widget-sow-editor so-widget-sow-editor-base\">\n<div class=\"siteorigin-widget-tinymce textwidget\">\n\t<ol style=\"text-align: left;\" start=\"2\">\n<li>etapa projektovej \u010dinnosti: <strong>Referen\u010dn\u00e1 anal\u00fdza sprac\u00favania osobn\u00fdch \u00fadajov<\/strong><\/li>\n<\/ol>\n<p style=\"text-align: left;\"><span style=\"font-weight: 400;\">Predpokladan\u00fd \u010dasov\u00fd harmonogram: 1 mesiac (v z\u00e1vislosti od podmienok prev\u00e1dzkovate\u013ea)<\/span>\n\n\n<ul style=\"text-align: left;\">\n<li style=\"font-weight: 400;\">\n<span style=\"font-weight: 400;\">identifik\u00e1cia v\u0161etk\u00fdch oblast\u00ed vykazuj\u00facich nes\u00falad s novou pr\u00e1vnou \u00fapravou,<\/span>\n\n\n<\/li>\n<li style=\"font-weight: 400;\">\n<span style=\"font-weight: 400;\">vytvorenie mapy riz\u00edk v spolo\u010dnosti.<\/span>\n\n\n<\/li>\n<\/ul><\/div>\n<\/div><\/div><\/div><\/div><\/div><div id=\"pg-13-3\"  class=\"panel-grid panel-no-style\" ><div id=\"pgc-13-3-0\"  class=\"panel-grid-cell\" ><div id=\"panel-13-3-0-0\" class=\"so-panel widget widget_sow-editor panel-first-child panel-last-child\" data-index=\"3\" ><div class=\"panel-widget-style panel-widget-style-for-13-3-0-0\" ><div class=\"so-widget-sow-editor so-widget-sow-editor-base\">\n<div class=\"siteorigin-widget-tinymce textwidget\">\n\t<ol style=\"text-align: left;\" start=\"3\">\n<li><strong>implement\u00e1cia do vn\u00fatorn\u00fdch procesov\u00a0spolo\u010dnosti<\/strong><\/li>\n<\/ol>\n<p style=\"text-align: left;\"><span style=\"font-weight: 400;\">Predpokladan\u00fd \u010dasov\u00fd harmonogram: 1 - 3 mesiace (v z\u00e1vislosti od podmienok prev\u00e1dzkovate\u013ea)<\/span>\n\n\n<ul style=\"text-align: left;\">\n<li style=\"font-weight: 400;\">\n<span style=\"font-weight: 400;\">stanovenie jednotliv\u00fdch krokov na zabezpe\u010denie s\u00faladu s\u00a0novou pr\u00e1vnou \u00fapravou,<\/span>\n\n\n<\/li>\n<li style=\"font-weight: 400;\">\n<span style=\"font-weight: 400;\">n\u00e1vrh rie\u0161en\u00ed pre v\u0161etky procesy v\u00a0horizont\u00e1lnej aj vertik\u00e1lnej \u00farovni,<\/span>\n\n\n<\/li>\n<li style=\"font-weight: 400;\">\n<span style=\"font-weight: 400;\">n\u00e1vrh komplexn\u00fdch bezpe\u010dnostn\u00fdch opatren\u00ed pre v\u0161etky procesy s\u00a0oh\u013eadom na rizik\u00e1 pre pr\u00e1va a\u00a0slobody fyzick\u00fdch os\u00f4b (dotknut\u00fdch os\u00f4b),<\/span>\n\n\n<\/li>\n<li style=\"font-weight: 400;\">\n<span style=\"font-weight: 400;\">navrhnutie a implement\u00e1cia bezpe\u010dnostn\u00fdch opatren\u00ed By design a\u00a0By default,<\/span>\n\n\n<\/li>\n<li style=\"font-weight: 400;\">\n<span style=\"font-weight: 400;\">spracovanie z\u00e1kladnej dokument\u00e1cie pre preukazovanie s\u00faladu s\u00a0novou pr\u00e1vnou \u00fapravou,<\/span>\n\n\n<\/li>\n<li style=\"font-weight: 400;\">\n<span style=\"font-weight: 400;\">\u00faprava jednotliv\u00fdch vn\u00fatropodnikov\u00fdch procesov a\u00a0\u00faloh fyzick\u00fdch os\u00f4b - zamestnancov,<\/span>\n\n\n<\/li>\n<li style=\"font-weight: 400;\">\n<span style=\"font-weight: 400;\">implement\u00e1cia navrhnut\u00fdch opatren\u00ed,<\/span>\n\n\n<\/li>\n<li style=\"font-weight: 400;\">\n<span style=\"font-weight: 400;\">zabezpe\u010denie vzdel\u00e1vania zamestnancov a dotknut\u00fdch os\u00f4b v s\u00favislosti so zmenami vn\u00fatropodnikov\u00fdch procesov.<\/span>\n\n\n<\/li>\n<\/ul><\/div>\n<\/div><\/div><\/div><\/div><\/div><div id=\"pg-13-4\"  class=\"panel-grid panel-no-style\" ><div id=\"pgc-13-4-0\"  class=\"panel-grid-cell\" ><div id=\"panel-13-4-0-0\" class=\"so-panel widget widget_sow-editor panel-first-child panel-last-child\" data-index=\"4\" ><div class=\"panel-widget-style panel-widget-style-for-13-4-0-0\" ><div class=\"so-widget-sow-editor so-widget-sow-editor-base\">\n<div class=\"siteorigin-widget-tinymce textwidget\">\n\t<ol style=\"text-align: left;\" start=\"4\">\n<li><strong> etapa projektovej \u010dinnosti: Pr\u00edprava na certifik\u00e1ciu spolo\u010dnosti<\/strong><\/li>\n<\/ol>\n<p style=\"text-align: left;\"><span style=\"font-weight: 400;\">Predpokladan\u00fd \u010dasov\u00fd harmonogram: 1 mesiac (v z\u00e1vislosti od podmienok prev\u00e1dzkovate\u013ea)<\/span>\n\n\n<ul style=\"text-align: left;\">\n<li style=\"font-weight: 400;\">\n<span style=\"font-weight: 400;\">pr\u00edprava v\u0161etk\u00fdch podkladov pre z\u00edskanie certifik\u00e1tu s\u00faladu so v\u0161eobecn\u00fdm nariaden\u00edm o ochrane \u00fadajov (GDPR) a nov\u00fdm z\u00e1konom pre ochranu osobn\u00fdch \u00fadajov,<\/span>\n\n\n<\/li>\n<li style=\"font-weight: 400;\">\n<span style=\"font-weight: 400;\">vykonanie auditu ochrany osobn\u00fdch \u00fadajov v spolo\u010dnosti,<\/span>\n\n\n<\/li>\n<li style=\"font-weight: 400;\">\n<span style=\"font-weight: 400;\">zabezpe\u010denie komunik\u00e1cie s certifika\u010dn\u00fdm subjektom,<\/span>\n\n\n<\/li>\n<li style=\"font-weight: 400;\">\n<span style=\"font-weight: 400;\">zabezpe\u010denie certifik\u00e1tu s\u00faladu so v\u0161eobecn\u00fdm nariaden\u00edm o ochrane \u00fadajov (GDPR) a nov\u00fdm z\u00e1konom pre ochranu osobn\u00fdch \u00fadajov.<\/span>\n\n\n<\/li>\n<\/ul>\n<p style=\"text-align: left;\"><strong>Z\u00edskanie certifik\u00e1tu zabezpe\u010d\u00ed Va\u0161ej spolo\u010dnosti mo\u017enos\u0165 preukazovania s\u00faladu so v\u0161eobecn\u00fdm nariaden\u00edm o ochrane \u00fadajov (GDPR) a nov\u00fdm z\u00e1konom pre ochranu osobn\u00fdch \u00fadajov vo\u010di tret\u00edm subjektom i vo\u010di kontroln\u00e9mu org\u00e1nu a vyhnete sa tak ak\u00fdmko\u013evek \u0165a\u017ekostiam - bezpe\u010dnos\u0165 <i>By design.<\/i><\/strong>\n\n\n<p style=\"text-align: left;\"><strong>T\u00fato etapu projektovej \u010dinnosti je mo\u017en\u00e9 zabezpe\u010di\u0165 si aj osobitnou formou bez potreby realiz\u00e1cie predch\u00e1dzaj\u00facich 3 et\u00e1p, pri\u010dom sa predpoklad\u00e1 ich odpovedaj\u00face zabezpe\u010denie v s\u00falade so v\u0161eobecn\u00fdm nariaden\u00edm o ochrane \u00fadajov (GDPR) a nov\u00fdm z\u00e1konom pre ochranu osobn\u00fdch \u00fadajov. T\u00e1to skuto\u010dnos\u0165 sa prever\u00ed vo vykonanom audite pre potreby z\u00edskania certifik\u00e1tu.<\/strong>\n\n<\/div>\n<\/div><\/div><\/div><\/div><\/div><div id=\"pg-13-5\"  class=\"panel-grid panel-no-style\" ><div id=\"pgc-13-5-0\"  class=\"panel-grid-cell\" ><div id=\"panel-13-5-0-0\" class=\"so-panel widget widget_sow-editor panel-first-child panel-last-child\" data-index=\"5\" ><div class=\"panel-widget-style panel-widget-style-for-13-5-0-0\" ><div class=\"so-widget-sow-editor so-widget-sow-editor-base\">\n<div class=\"siteorigin-widget-tinymce textwidget\">\n\t<ol style=\"text-align: left;\" start=\"5\">\n<li>etapa projektovej \u010dinnosti:<strong> Prev\u00e1dzka, udr\u017eiavanie a rozvoj zaveden\u00fdch opatren\u00ed (zabezpe\u010dovanie slu\u017eieb zodpovednej osoby)<\/strong><\/li>\n<\/ol>\n<ul style=\"text-align: left;\">\n<li style=\"font-weight: 400; text-align: left;\">\n<span style=\"font-weight: 400;\">priebe\u017en\u00e1 aktualiz\u00e1cia zaveden\u00fdch bezpe\u010dnostn\u00fdch opatren\u00ed i jednotliv\u00fdch s\u00fa\u010dast\u00ed implementa\u010dn\u00e9ho procesu,<\/span>\n\n\n<\/li>\n<li style=\"font-weight: 400; text-align: left;\">\n<span style=\"font-weight: 400;\">zabezpe\u010denie povinnej komunik\u00e1cie vo\u010di tret\u00edm stran\u00e1m, <\/span>\n\n\n<\/li>\n<li style=\"font-weight: 400; text-align: left;\">\n<span style=\"font-weight: 400;\">plnenie v\u0161etk\u00fdch povinnost\u00ed zodpovednej osoby,<\/span>\n\n\n<\/li>\n<li style=\"font-weight: 400; text-align: left;\">\n<span style=\"font-weight: 400;\">poskytovanie a\u00a0zabezpe\u010dovanie informovanosti prev\u00e1dzkovate\u013ea a\u00a0zamestnancov o\u00a0ich povinnostiach pri sprac\u00favan\u00ed osobn\u00fdch \u00fadajov, <\/span>\n\n\n<\/li>\n<li style=\"font-weight: 400; text-align: left;\">\n<span style=\"font-weight: 400;\">monitoring s\u00faladu s\u00a0pr\u00e1vnou \u00fapravou v\u00a0oblasti ochrany osobn\u00fdch \u00fadajov, zvy\u0161ovanie povedomia, odborn\u00e1 pr\u00edprava, audit sprac\u00favania osobn\u00fdch \u00fadajov, <\/span>\n\n\n<\/li>\n<li style=\"font-weight: 400; text-align: left;\">\n<span style=\"font-weight: 400;\">poskytovanie poradenstva pri pos\u00faden\u00ed vplyvu a\u00a0monitorovan\u00ed jeho vykon\u00e1vania, <\/span>\n\n\n<\/li>\n<li style=\"font-weight: 400; text-align: left;\">\n<span style=\"font-weight: 400;\">spolupr\u00e1ca s\u00a0dozorn\u00fdm org\u00e1nom, <\/span>\n\n\n<\/li>\n<li style=\"font-weight: 400;\">\n<p style=\"text-align: left;\"><span style=\"font-weight: 400;\">plnenie \u00falohy kontaktn\u00e9ho miesta pre dozorn\u00fd org\u00e1n (predch\u00e1dzaj\u00faca konzult\u00e1cia).<\/span>\n\n\n<\/li>\n<\/ul><\/div>\n<\/div><\/div><\/div><\/div><\/div><div id=\"pg-13-6\"  class=\"panel-grid panel-has-style\" ><div class=\"panel-row-style panel-row-style-for-13-6\" ><div id=\"pgc-13-6-0\"  class=\"panel-grid-cell\" ><div id=\"panel-13-6-0-0\" class=\"so-panel widget widget_sow-editor panel-first-child panel-last-child\" data-index=\"6\" ><div class=\"panel-widget-style panel-widget-style-for-13-6-0-0\" ><div class=\"so-widget-sow-editor so-widget-sow-editor-base\">\n<div class=\"siteorigin-widget-tinymce textwidget\">\n\t<h2 style=\"text-align: center;\"><strong>Pre \u010fal\u0161ie inform\u00e1cie kontaktujte zodpovedn\u00fa osobu<\/strong><\/h2><\/div>\n<\/div><\/div><\/div><\/div><\/div><\/div><\/div>","protected":false},"excerpt":{"rendered":"<p>Cie\u013eom ponuky je zabezpe\u010denie procesu implement\u00e1cie novej pr\u00e1vnej \u00fapravy v\u00a0oblasti ochrany osobn\u00fdch \u00fadajov (v\u0161eobecn\u00e9 nariadenie o\u00a0ochrane \u00a0\u00fadajov, z\u00e1kon o\u00a0ochrane osobn\u00fdch \u00fadajov vr\u00e1tane vykon\u00e1vac\u00edch predpisov). Ponuka pozost\u00e1va z realiz\u00e1cie 5 projektov\u00fdch \u010dinnost\u00ed, ktor\u00e9 zabezpe\u010dia klientovi dlhodob\u00fa profesion\u00e1lnu starostlivos\u0165 o ochranu osobn\u00fdch \u00fadajov v jeho spolo\u010dnosti. etapa projektovej \u010dinnosti: Pr\u00e1vna anal\u00fdza a\u00a0d\u00e1tov\u00e1 anal\u00fdza Predpokladan\u00fd \u010dasov\u00fd harmonogram: 1 [&hellip;]<\/p>\n","protected":false},"author":1,"featured_media":0,"parent":0,"menu_order":0,"comment_status":"closed","ping_status":"closed","template":"kurzy.php","meta":{"footnotes":""},"class_list":["post-13","page","type-page","status-publish","hentry"],"_links":{"self":[{"href":"http:\/\/llakurzy.sk\/zabezpecenieimplementaciegdpr\/wp-json\/wp\/v2\/pages\/13","targetHints":{"allow":["GET"]}}],"collection":[{"href":"http:\/\/llakurzy.sk\/zabezpecenieimplementaciegdpr\/wp-json\/wp\/v2\/pages"}],"about":[{"href":"http:\/\/llakurzy.sk\/zabezpecenieimplementaciegdpr\/wp-json\/wp\/v2\/types\/page"}],"author":[{"embeddable":true,"href":"http:\/\/llakurzy.sk\/zabezpecenieimplementaciegdpr\/wp-json\/wp\/v2\/users\/1"}],"replies":[{"embeddable":true,"href":"http:\/\/llakurzy.sk\/zabezpecenieimplementaciegdpr\/wp-json\/wp\/v2\/comments?post=13"}],"version-history":[{"count":140,"href":"http:\/\/llakurzy.sk\/zabezpecenieimplementaciegdpr\/wp-json\/wp\/v2\/pages\/13\/revisions"}],"predecessor-version":[{"id":562,"href":"http:\/\/llakurzy.sk\/zabezpecenieimplementaciegdpr\/wp-json\/wp\/v2\/pages\/13\/revisions\/562"}],"wp:attachment":[{"href":"http:\/\/llakurzy.sk\/zabezpecenieimplementaciegdpr\/wp-json\/wp\/v2\/media?parent=13"}],"curies":[{"name":"wp","href":"https:\/\/api.w.org\/{rel}","templated":true}]}}