{"id":307,"date":"2017-09-10T12:50:17","date_gmt":"2017-09-10T10:50:17","guid":{"rendered":"http:\/\/llakurzy.sk\/skoleniezodpovednejosoby\/?page_id=307"},"modified":"2018-08-06T00:15:14","modified_gmt":"2018-08-05T22:15:14","slug":"e-shop","status":"publish","type":"page","link":"http:\/\/llakurzy.sk\/skoleniezodpovednejosoby\/e-shop\/","title":{"rendered":"E-SHOP"},"content":{"rendered":"<div id=\"pl-307\"  class=\"panel-layout\" ><div id=\"pg-307-0\"  class=\"panel-grid panel-no-style\" ><div id=\"pgc-307-0-0\"  class=\"panel-grid-cell\" ><div id=\"panel-307-0-0-0\" class=\"so-panel widget widget_sow-editor panel-first-child panel-last-child\" data-index=\"0\" ><div class=\"panel-widget-style panel-widget-style-for-307-0-0-0\" ><div class=\"so-widget-sow-editor so-widget-sow-editor-base\">\n<div class=\"siteorigin-widget-tinymce textwidget\">\n\t<div id=\"accordion\" role=\"tablist\" aria-multiselectable=\"true\">\n<div class=\"card kurz\">\n<div id=\"heading4A\" class=\"card-header\" role=\"tab\">\n<div class=\"box-hold\">\n<div class=\"box\">\n<div class=\"box-id\"><img loading=\"lazy\" decoding=\"async\" class=\"alignnone size-full wp-image-86\" src=\"http:\/\/llakurzy.sk\/skoleniezodpovednejosoby\/wp-content\/uploads\/2017\/08\/Vector.png\" alt=\"\" width=\"29\" height=\"15\" \/> 4A<\/div>\n<p><img loading=\"lazy\" decoding=\"async\" class=\"alignnone size-full wp-image-89 icon\" src=\"http:\/\/llakurzy.sk\/skoleniezodpovednejosoby\/wp-content\/uploads\/2017\/08\/learning.png\" alt=\"\" width=\"60\" height=\"69\" \/><\/div>\n<\/div>\n<div class=\"margin-shop\">\n<h1>Intenz\u00edvny kurz pre zodpovedn\u00e9 osoby - kontinu\u00e1lny kurz<\/h1>\n<\/div>\n<\/div>\n<div id=\"collapse4A\" class=\"collapse\" role=\"tabpanel\" aria-labelledby=\"heading4A\">\n<div class=\"card-block\">\n<h3>Objedn\u00e1vka<\/h3>\n<div role=\"form\" class=\"wpcf7\" id=\"wpcf7-f461-o1\" lang=\"sk-SK\" dir=\"ltr\">\n<div class=\"screen-reader-response\"><\/div>\n<form action=\"\/skoleniezodpovednejosoby\/wp-json\/wp\/v2\/pages\/307#wpcf7-f461-o1\" method=\"post\" class=\"wpcf7-form\" novalidate=\"novalidate\">\n<div style=\"display: none;\">\n<input type=\"hidden\" name=\"_wpcf7\" value=\"461\" \/>\n<input type=\"hidden\" name=\"_wpcf7_version\" value=\"5.1.1\" \/>\n<input type=\"hidden\" name=\"_wpcf7_locale\" value=\"sk_SK\" \/>\n<input type=\"hidden\" name=\"_wpcf7_unit_tag\" value=\"wpcf7-f461-o1\" \/>\n<input type=\"hidden\" name=\"_wpcf7_container_post\" value=\"0\" \/>\n<input type=\"hidden\" name=\"g-recaptcha-response\" value=\"\" \/>\n<\/div>\n<p>Kurz 4A - 12. 9 \u2013 14. 9. 2018<\/p>\n<p><label> Meno:<br \/>\n    <span class=\"wpcf7-form-control-wrap your-name\"><input type=\"text\" name=\"your-name\" value=\"\" size=\"40\" class=\"wpcf7-form-control wpcf7-text wpcf7-validates-as-required\" aria-required=\"true\" aria-invalid=\"false\" \/><\/span> <\/label><\/p>\n<p><label> N\u00e1zov spolo\u010dnosti (alternat\u00edva):<br \/>\n    <span class=\"wpcf7-form-control-wrap text-spolocnost\"><input type=\"text\" name=\"text-spolocnost\" value=\"\" size=\"40\" class=\"wpcf7-form-control wpcf7-text\" aria-invalid=\"false\" \/><\/span> <\/label><\/p>\n<p>Faktura\u010dn\u00e9 \u00fadaje:<br \/>\n<label> I\u010cO:<br \/>\n    <span class=\"wpcf7-form-control-wrap text-ico\"><input type=\"text\" name=\"text-ico\" value=\"\" size=\"40\" class=\"wpcf7-form-control wpcf7-text\" aria-invalid=\"false\" \/><\/span> <\/label><\/p>\n<p><label> DI\u010c:<br \/>\n    <span class=\"wpcf7-form-control-wrap text-dic\"><input type=\"text\" name=\"text-dic\" value=\"\" size=\"40\" class=\"wpcf7-form-control wpcf7-text\" aria-invalid=\"false\" \/><\/span> <\/label><\/p>\n<p><label> I\u010c DPH:<br \/>\n    <span class=\"wpcf7-form-control-wrap text-ic-dph\"><input type=\"text\" name=\"text-ic-dph\" value=\"\" size=\"40\" class=\"wpcf7-form-control wpcf7-text\" aria-invalid=\"false\" \/><\/span> <\/label><\/p>\n<p><label> Adresa:<br \/>\n    <span class=\"wpcf7-form-control-wrap text-962\"><input type=\"text\" name=\"text-962\" value=\"\" size=\"40\" class=\"wpcf7-form-control wpcf7-text wpcf7-validates-as-required\" aria-required=\"true\" aria-invalid=\"false\" \/><\/span> <\/label><\/p>\n<p><label> Telef\u00f3nne \u010d\u00edslo:<br \/>\n    <span class=\"wpcf7-form-control-wrap tel-971\"><input type=\"tel\" name=\"tel-971\" value=\"\" size=\"40\" class=\"wpcf7-form-control wpcf7-text wpcf7-tel wpcf7-validates-as-required wpcf7-validates-as-tel\" aria-required=\"true\" aria-invalid=\"false\" \/><\/span> <\/label><\/p>\n<p><label> E-mail:<br \/>\n    <span class=\"wpcf7-form-control-wrap email-484\"><input type=\"email\" name=\"email-484\" value=\"\" size=\"40\" class=\"wpcf7-form-control wpcf7-text wpcf7-email wpcf7-validates-as-required wpcf7-validates-as-email\" aria-required=\"true\" aria-invalid=\"false\" \/><\/span> <\/label><\/p>\n<p><label> <span class=\"wpcf7-form-control-wrap your-check\"><span class=\"wpcf7-form-control wpcf7-checkbox wpcf7-validates-as-required\"><span class=\"wpcf7-list-item first last\"><input type=\"checkbox\" name=\"your-check[]\" value=\"S\u00fahlas\u00edm so v\u0161eobecn\u00fdmi podmienkami sprac\u00favania osobn\u00fdch \u00fadajov\" \/><span class=\"wpcf7-list-item-label\">S\u00fahlas\u00edm so v\u0161eobecn\u00fdmi podmienkami sprac\u00favania osobn\u00fdch \u00fadajov<\/span><\/span><\/span><\/span><br \/>\n<\/label><\/p>\n<p><input type=\"submit\" value=\"Odosla\u0165\" class=\"wpcf7-form-control wpcf7-submit\" \/><\/p>\n<div class=\"wpcf7-response-output wpcf7-display-none\"><\/div><\/form><\/div><\/div>\n<\/div>\n<\/div>\n<\/div>\n<\/div>\n<\/div><\/div><\/div><\/div><div id=\"pgc-307-0-1\"  class=\"panel-grid-cell\" ><div id=\"panel-307-0-1-0\" class=\"so-panel widget widget_sow-editor panel-first-child panel-last-child\" data-index=\"1\" ><div class=\"panel-widget-style panel-widget-style-for-307-0-1-0\" ><div class=\"so-widget-sow-editor so-widget-sow-editor-base\">\n<div class=\"siteorigin-widget-tinymce textwidget\">\n\t<div class=\"price-left\">Cena<\/div>\n<div class=\"price-right\">660\u20ac<\/div>\n<div class=\"price-cal\">Term\u00edn:<\/div>\n<div class=\"price-date\">12. 9 \u2013 14. 9. 2018 <\/div>\n<div class=\"price-last\"><\/div>\n<p><a href=\"#collapse4A\" data-toggle=\"collapse\" data-parent=\"#accordion\" aria-expanded=\"false\" aria-controls=\"collapse4A\"> <button>Prihl\u00e1si\u0165 sa<\/button><\/a><\/p>\n<\/div>\n<\/div><\/div><\/div><\/div><\/div><div id=\"pg-307-1\"  class=\"panel-grid panel-no-style\" ><div id=\"pgc-307-1-0\"  class=\"panel-grid-cell\" ><div id=\"panel-307-1-0-0\" class=\"so-panel widget widget_sow-editor panel-first-child panel-last-child\" data-index=\"2\" ><div class=\"panel-widget-style panel-widget-style-for-307-1-0-0\" ><div class=\"so-widget-sow-editor so-widget-sow-editor-base\">\n<div class=\"siteorigin-widget-tinymce textwidget\">\n\t<div id=\"accordion\" role=\"tablist\" aria-multiselectable=\"true\">\n<div class=\"card kurz\">\n<div id=\"heading4B\" class=\"card-header\" role=\"tab\">\n<div class=\"box-hold\">\n<div class=\"box\">\n<div class=\"box-id\"><img loading=\"lazy\" decoding=\"async\" class=\"alignnone size-full wp-image-86\" src=\"http:\/\/llakurzy.sk\/skoleniezodpovednejosoby\/wp-content\/uploads\/2017\/08\/Vector.png\" alt=\"\" width=\"29\" height=\"15\" \/> 4B<\/div>\n<p><img loading=\"lazy\" decoding=\"async\" class=\"alignnone size-full wp-image-89 icon\" src=\"http:\/\/llakurzy.sk\/skoleniezodpovednejosoby\/wp-content\/uploads\/2017\/08\/learning.png\" alt=\"\" width=\"60\" height=\"69\" \/><\/div>\n<\/div>\n<div class=\"margin-shop\">\n<h1>Intenz\u00edvny kurz pre zodpovedn\u00e9 osoby - odstup\u0148ovan\u00fd kurz<\/h1>\n<\/div>\n<\/div>\n<div id=\"collapse4B\" class=\"collapse\" role=\"tabpanel\" aria-labelledby=\"heading4B\">\n<div class=\"card-block\">\n<h3>Objedn\u00e1vka<\/h3>\n<div role=\"form\" class=\"wpcf7\" id=\"wpcf7-f528-o2\" lang=\"sk-SK\" dir=\"ltr\">\n<div class=\"screen-reader-response\"><\/div>\n<form action=\"\/skoleniezodpovednejosoby\/wp-json\/wp\/v2\/pages\/307#wpcf7-f528-o2\" method=\"post\" class=\"wpcf7-form\" novalidate=\"novalidate\">\n<div style=\"display: none;\">\n<input type=\"hidden\" name=\"_wpcf7\" value=\"528\" \/>\n<input type=\"hidden\" name=\"_wpcf7_version\" value=\"5.1.1\" \/>\n<input type=\"hidden\" name=\"_wpcf7_locale\" value=\"sk_SK\" \/>\n<input type=\"hidden\" name=\"_wpcf7_unit_tag\" value=\"wpcf7-f528-o2\" \/>\n<input type=\"hidden\" name=\"_wpcf7_container_post\" value=\"0\" \/>\n<input type=\"hidden\" name=\"g-recaptcha-response\" value=\"\" \/>\n<\/div>\n<p>Kurz 4B - 11. 9. 2018, 18. 9. 2018, 25. 9. 2018<\/p>\n<p><label> Meno:<br \/>\n    <span class=\"wpcf7-form-control-wrap your-name\"><input type=\"text\" name=\"your-name\" value=\"\" size=\"40\" class=\"wpcf7-form-control wpcf7-text wpcf7-validates-as-required\" aria-required=\"true\" aria-invalid=\"false\" \/><\/span> <\/label><\/p>\n<p><label> N\u00e1zov spolo\u010dnosti (alternat\u00edva):<br \/>\n    <span class=\"wpcf7-form-control-wrap text-spolocnost\"><input type=\"text\" name=\"text-spolocnost\" value=\"\" size=\"40\" class=\"wpcf7-form-control wpcf7-text\" aria-invalid=\"false\" \/><\/span> <\/label><\/p>\n<p>Faktura\u010dn\u00e9 \u00fadaje:<br \/>\n<label> I\u010cO:<br \/>\n    <span class=\"wpcf7-form-control-wrap text-ico\"><input type=\"text\" name=\"text-ico\" value=\"\" size=\"40\" class=\"wpcf7-form-control wpcf7-text\" aria-invalid=\"false\" \/><\/span> <\/label><\/p>\n<p><label> DI\u010c:<br \/>\n    <span class=\"wpcf7-form-control-wrap text-dic\"><input type=\"text\" name=\"text-dic\" value=\"\" size=\"40\" class=\"wpcf7-form-control wpcf7-text\" aria-invalid=\"false\" \/><\/span> <\/label><\/p>\n<p><label> I\u010c DPH:<br \/>\n    <span class=\"wpcf7-form-control-wrap text-ic-dph\"><input type=\"text\" name=\"text-ic-dph\" value=\"\" size=\"40\" class=\"wpcf7-form-control wpcf7-text\" aria-invalid=\"false\" \/><\/span> <\/label><\/p>\n<p><label> Adresa:<br \/>\n    <span class=\"wpcf7-form-control-wrap text-962\"><input type=\"text\" name=\"text-962\" value=\"\" size=\"40\" class=\"wpcf7-form-control wpcf7-text wpcf7-validates-as-required\" aria-required=\"true\" aria-invalid=\"false\" \/><\/span> <\/label><\/p>\n<p><label> Telef\u00f3nne \u010d\u00edslo:<br \/>\n    <span class=\"wpcf7-form-control-wrap tel-971\"><input type=\"tel\" name=\"tel-971\" value=\"\" size=\"40\" class=\"wpcf7-form-control wpcf7-text wpcf7-tel wpcf7-validates-as-required wpcf7-validates-as-tel\" aria-required=\"true\" aria-invalid=\"false\" \/><\/span> <\/label><\/p>\n<p><label> E-mail:<br \/>\n    <span class=\"wpcf7-form-control-wrap email-484\"><input type=\"email\" name=\"email-484\" value=\"\" size=\"40\" class=\"wpcf7-form-control wpcf7-text wpcf7-email wpcf7-validates-as-required wpcf7-validates-as-email\" aria-required=\"true\" aria-invalid=\"false\" \/><\/span> <\/label><\/p>\n<p><label> <span class=\"wpcf7-form-control-wrap your-check\"><span class=\"wpcf7-form-control wpcf7-checkbox wpcf7-validates-as-required\"><span class=\"wpcf7-list-item first last\"><input type=\"checkbox\" name=\"your-check[]\" value=\"S\u00fahlas\u00edm so v\u0161eobecn\u00fdmi podmienkami sprac\u00favania osobn\u00fdch \u00fadajov\" \/><span class=\"wpcf7-list-item-label\">S\u00fahlas\u00edm so v\u0161eobecn\u00fdmi podmienkami sprac\u00favania osobn\u00fdch \u00fadajov<\/span><\/span><\/span><\/span><br \/>\n<\/label><\/p>\n<p><input type=\"submit\" value=\"Odosla\u0165\" class=\"wpcf7-form-control wpcf7-submit\" \/><\/p>\n<div class=\"wpcf7-response-output wpcf7-display-none\"><\/div><\/form><\/div><\/div>\n<\/div>\n<\/div>\n<\/div>\n<\/div>\n<\/div><\/div><\/div><\/div><div id=\"pgc-307-1-1\"  class=\"panel-grid-cell\" ><div id=\"panel-307-1-1-0\" class=\"so-panel widget widget_sow-editor panel-first-child panel-last-child\" data-index=\"3\" ><div class=\"panel-widget-style panel-widget-style-for-307-1-1-0\" ><div class=\"so-widget-sow-editor so-widget-sow-editor-base\">\n<div class=\"siteorigin-widget-tinymce textwidget\">\n\t<div class=\"price-left\">Cena<\/div>\n<div class=\"price-right\">660\u20ac<\/div>\n<div class=\"price-cal\">Term\u00edn:<\/div>\n<div class=\"price-date\">11. 9. 2018, 18. 9. 2018, 25. 9. 2018 <\/div>\n<div class=\"price-last\"><\/div>\n<p><a href=\"#collapse4B\" data-toggle=\"collapse\" data-parent=\"#accordion\" aria-expanded=\"false\" aria-controls=\"collapse4B\"> <button>Prihl\u00e1si\u0165 sa<\/button><\/a><\/p>\n<\/div>\n<\/div><\/div><\/div><\/div><\/div><\/div>","protected":false},"excerpt":{"rendered":"<p>4A Intenz\u00edvny kurz pre zodpovedn\u00e9 osoby &#8211; kontinu\u00e1lny kurz Objedn\u00e1vka Cena 660\u20ac Term\u00edn: 12. 9 \u2013 14. 9. 2018 Prihl\u00e1si\u0165 sa 4B Intenz\u00edvny kurz pre zodpovedn\u00e9 osoby &#8211; odstup\u0148ovan\u00fd kurz Objedn\u00e1vka Cena 660\u20ac Term\u00edn: 11. 9. 2018, 18. 9. 2018, 25. 9. 2018 Prihl\u00e1si\u0165 sa<\/p>\n","protected":false},"author":1,"featured_media":0,"parent":0,"menu_order":0,"comment_status":"closed","ping_status":"closed","template":"eshop.php","meta":{"footnotes":""},"class_list":["post-307","page","type-page","status-publish","hentry"],"_links":{"self":[{"href":"http:\/\/llakurzy.sk\/skoleniezodpovednejosoby\/wp-json\/wp\/v2\/pages\/307","targetHints":{"allow":["GET"]}}],"collection":[{"href":"http:\/\/llakurzy.sk\/skoleniezodpovednejosoby\/wp-json\/wp\/v2\/pages"}],"about":[{"href":"http:\/\/llakurzy.sk\/skoleniezodpovednejosoby\/wp-json\/wp\/v2\/types\/page"}],"author":[{"embeddable":true,"href":"http:\/\/llakurzy.sk\/skoleniezodpovednejosoby\/wp-json\/wp\/v2\/users\/1"}],"replies":[{"embeddable":true,"href":"http:\/\/llakurzy.sk\/skoleniezodpovednejosoby\/wp-json\/wp\/v2\/comments?post=307"}],"version-history":[{"count":32,"href":"http:\/\/llakurzy.sk\/skoleniezodpovednejosoby\/wp-json\/wp\/v2\/pages\/307\/revisions"}],"predecessor-version":[{"id":533,"href":"http:\/\/llakurzy.sk\/skoleniezodpovednejosoby\/wp-json\/wp\/v2\/pages\/307\/revisions\/533"}],"wp:attachment":[{"href":"http:\/\/llakurzy.sk\/skoleniezodpovednejosoby\/wp-json\/wp\/v2\/media?parent=307"}],"curies":[{"name":"wp","href":"https:\/\/api.w.org\/{rel}","templated":true}]}}