{"id":21,"date":"2017-08-13T00:57:50","date_gmt":"2017-08-12T22:57:50","guid":{"rendered":"http:\/\/llakurzy.sk\/skoleniezodpovednejosoby\/?page_id=21"},"modified":"2018-03-18T15:46:20","modified_gmt":"2018-03-18T14:46:20","slug":"lektori","status":"publish","type":"page","link":"http:\/\/llakurzy.sk\/skoleniezodpovednejosoby\/lektori\/","title":{"rendered":"LEKTORI"},"content":{"rendered":"<div id=\"pl-21\"  class=\"panel-layout\" ><div id=\"pg-21-0\"  class=\"panel-grid panel-no-style\" ><div id=\"pgc-21-0-0\"  class=\"panel-grid-cell\" ><div id=\"panel-21-0-0-0\" class=\"so-panel widget widget_sow-editor panel-first-child panel-last-child\" data-index=\"0\" ><div class=\"so-widget-sow-editor so-widget-sow-editor-base\">\n<div class=\"siteorigin-widget-tinymce textwidget\">\n\t<p><img loading=\"lazy\" decoding=\"async\" class=\"alignnone wp-image-474 size-full\" src=\"http:\/\/llakurzy.sk\/skoleniezodpovednejosoby\/wp-content\/uploads\/2018\/03\/olsd.jpg\" alt=\"\" width=\"588\" height=\"444\" srcset=\"http:\/\/llakurzy.sk\/skoleniezodpovednejosoby\/wp-content\/uploads\/2018\/03\/olsd.jpg 588w, http:\/\/llakurzy.sk\/skoleniezodpovednejosoby\/wp-content\/uploads\/2018\/03\/olsd-300x227.jpg 300w\" sizes=\"auto, (max-width: 588px) 100vw, 588px\" \/><\/p>\n<\/div>\n<\/div><\/div><\/div><div id=\"pgc-21-0-1\"  class=\"panel-grid-cell\" ><div id=\"panel-21-0-1-0\" class=\"so-panel widget widget_sow-editor panel-first-child panel-last-child\" data-index=\"1\" ><div class=\"panel-widget-style panel-widget-style-for-21-0-1-0\" ><div class=\"so-widget-sow-editor so-widget-sow-editor-base\">\n<div class=\"siteorigin-widget-tinymce textwidget\">\n\t<h2>doc. JUDr. Andrea Ol\u0161ovsk\u00e1, PhD.<\/h2>\n<p style=\"text-align: justify;\">Andrea Ol\u0161ovsk\u00e1 je predsedn\u00ed\u010dkou Labour Law Association\/Asoci\u00e1cia pracovn\u00e9ho pr\u00e1va a s\u00fa\u010dasne p\u00f4sob\u00ed ako dekanka Pr\u00e1vnickej fakulty, Trnavskej univerzity v Trnave.<\/p>\n<p style=\"text-align: justify;\">Od roku 2006 je advok\u00e1tkou spolupracuj\u00facou s PRK Partners, sr.o. \u0161pecializuj\u00facou sa na oblas\u0165 pracovn\u00e9ho pr\u00e1va. Je ob\u013e\u00fabenou a vysoko\u017eiadanou predn\u00e1\u0161ate\u013ekou na odborn\u00fdch semin\u00e1roch a konferenci\u00e1ch a vedie aj rad komer\u010dn\u00fdch predn\u00e1\u0161ok predov\u0161etk\u00fdm z oblasti vzniku a skon\u010denia pracovn\u00e9ho pomeru, zodpovednostn\u00fdch vz\u0165ahov alebo aktu\u00e1lnych ot\u00e1zok slovensk\u00e9ho a eur\u00f3pskeho pracovn\u00e9ho pr\u00e1va.<\/p>\n<\/div>\n<\/div><\/div><\/div><\/div><\/div><div id=\"pg-21-1\"  class=\"panel-grid panel-no-style\" ><div id=\"pgc-21-1-0\"  class=\"panel-grid-cell\" ><div id=\"panel-21-1-0-0\" class=\"so-panel widget widget_sow-editor panel-first-child panel-last-child\" data-index=\"2\" ><div class=\"panel-widget-style panel-widget-style-for-21-1-0-0\" ><div class=\"so-widget-sow-editor so-widget-sow-editor-base\">\n<div class=\"siteorigin-widget-tinymce textwidget\">\n\t<h2>JUDr. et Mgr. Jozef Toman, PhD<\/h2>\n<p style=\"text-align: justify;\">Jozef Toman je podpredsedom Labour Law Association\/Asoci\u00e1cia pracovn\u00e9ho pr\u00e1va. Od roku 2010 p\u00f4sob\u00ed na Ministerstve pr\u00e1ce, soci\u00e1lnych vec\u00ed a rodiny SR, kde je od janu\u00e1ra 2011 riadite\u013eom odboru pracovn\u00fdch vz\u0165ahov zodpovedn\u00fdm za pracovnopr\u00e1vnu legislat\u00edvu v Slovenskej republike (Z\u00e1konn\u00edk pr\u00e1ce, z\u00e1kon o kolekt\u00edvnom vyjedn\u00e1van\u00ed, z\u00e1kon o minim\u00e1lnej mzde).<\/p>\n<p style=\"text-align: justify;\">Publikuje vedeck\u00e9 a odborn\u00e9 \u010dl\u00e1nky v oblasti pracovn\u00e9ho pr\u00e1va a predn\u00e1\u0161a problematiku pracovn\u00e9ho pr\u00e1va so zameran\u00edm na individu\u00e1lne pracovnopr\u00e1vne vz\u0165ahy, a to najm\u00e4 na vysielanie zamestnancov, organiz\u00e1ciu pracovn\u00e9ho \u010dasu alebo agent\u00farne zamestn\u00e1vanie.<\/p>\n<\/div>\n<\/div><\/div><\/div><\/div><div id=\"pgc-21-1-1\"  class=\"panel-grid-cell\" ><div id=\"panel-21-1-1-0\" class=\"so-panel widget widget_sow-editor panel-first-child panel-last-child\" data-index=\"3\" ><div class=\"so-widget-sow-editor so-widget-sow-editor-base\">\n<div class=\"siteorigin-widget-tinymce textwidget\">\n\t<p><img loading=\"lazy\" decoding=\"async\" class=\"alignnone size-full wp-image-525\" src=\"http:\/\/llakurzy.sk\/skoleniezodpovednejosoby\/wp-content\/uploads\/2018\/03\/toman.jpg\" alt=\"\" width=\"588\" height=\"444\" srcset=\"http:\/\/llakurzy.sk\/skoleniezodpovednejosoby\/wp-content\/uploads\/2018\/03\/toman.jpg 588w, http:\/\/llakurzy.sk\/skoleniezodpovednejosoby\/wp-content\/uploads\/2018\/03\/toman-300x227.jpg 300w\" sizes=\"auto, (max-width: 588px) 100vw, 588px\" \/><\/p>\n<\/div>\n<\/div><\/div><\/div><\/div><div id=\"pg-21-2\"  class=\"panel-grid panel-no-style\" ><div id=\"pgc-21-2-0\"  class=\"panel-grid-cell\" ><div id=\"panel-21-2-0-0\" class=\"so-panel widget widget_sow-editor panel-first-child panel-last-child\" data-index=\"4\" ><div class=\"so-widget-sow-editor so-widget-sow-editor-base\">\n<div class=\"siteorigin-widget-tinymce textwidget\">\n\t<p><img loading=\"lazy\" decoding=\"async\" class=\"alignnone size-full wp-image-519\" src=\"http:\/\/llakurzy.sk\/skoleniezodpovednejosoby\/wp-content\/uploads\/2018\/03\/svec.jpg\" alt=\"\" width=\"588\" height=\"444\" srcset=\"http:\/\/llakurzy.sk\/skoleniezodpovednejosoby\/wp-content\/uploads\/2018\/03\/svec.jpg 588w, http:\/\/llakurzy.sk\/skoleniezodpovednejosoby\/wp-content\/uploads\/2018\/03\/svec-300x227.jpg 300w\" sizes=\"auto, (max-width: 588px) 100vw, 588px\" \/><\/p>\n<\/div>\n<\/div><\/div><\/div><div id=\"pgc-21-2-1\"  class=\"panel-grid-cell\" ><div id=\"panel-21-2-1-0\" class=\"so-panel widget widget_sow-editor panel-first-child panel-last-child\" data-index=\"5\" ><div class=\"panel-widget-style panel-widget-style-for-21-2-1-0\" ><div class=\"so-widget-sow-editor so-widget-sow-editor-base\">\n<div class=\"siteorigin-widget-tinymce textwidget\">\n\t<h2>doc. JUDr. Marek \u0160vec, PhD., LL.M.<\/h2>\n<p style=\"text-align: justify;\">Marek \u0160vec je gener\u00e1lnym tajomn\u00edkom a s\u00fa\u010dasne \u010dlenom Predsedn\u00edctva Labour Law Association\/Asoci\u00e1cia pracovn\u00e9ho pr\u00e1va. P\u00f4sobil ako podpredseda poradnej Komisie ministra pr\u00e1ce pre roz\u0161irovanie z\u00e1v\u00e4znosti kolekt\u00edvnych zml\u00fav vy\u0161\u0161ieho stup\u0148a a \u010dlen tripartitnej komisie pre pr\u00edpravu novely z\u00e1kona o kolekt\u00edvnom vyjedn\u00e1van\u00ed, pri\u010dom sa podie\u013eal aj na pr\u00edprave \u010fal\u0161\u00edch noviel pracovnopr\u00e1vnych predpisov (napr. Z\u00e1konn\u00edka pr\u00e1ce). V s\u00fa\u010dasnosti je veden\u00fd ako sprostredkovate\u013e a rozhodca kolekt\u00edvneho vyjedn\u00e1vania v zozname Ministerstva pr\u00e1ce, soci\u00e1lnych vec\u00ed a rodiny SR na roky 2016 \u2013 2018.<\/p>\n<p style=\"text-align: justify;\">V s\u00fa\u010dasnosti sa venuje pr\u00e1vnemu poradenstvu v oblasti pracovn\u00e9ho pr\u00e1va so \u0161pecializ\u00e1ciou na kolekt\u00edvne pracovnopr\u00e1vne vz\u0165ahy pre soci\u00e1lnych partnerov.<\/p>\n<p style=\"text-align: justify;\">Popri profesijnej \u010dinnosti je publika\u010dne \u010dinn\u00fd, je spoluautorom najpred\u00e1vanej\u0161ieho koment\u00e1ra k z\u00e1konu o kolekt\u00edvnom vyjedn\u00e1van\u00ed z vydavate\u013estva Wolters Kluwer, spoluautorom Navig\u00e1tora ASPI ku kolekt\u00edvnemu vyjedn\u00e1vaniu v r\u00e1mci ASPI alebo vzorov pracovnopr\u00e1vnych dokumentov v r\u00e1mci syst\u00e9mu ASPI.<\/p>\n<\/div>\n<\/div><\/div><\/div><\/div><\/div><div id=\"pg-21-3\"  class=\"panel-grid panel-no-style\" ><div id=\"pgc-21-3-0\"  class=\"panel-grid-cell\" ><div id=\"panel-21-3-0-0\" class=\"so-panel widget widget_sow-editor panel-first-child panel-last-child\" data-index=\"6\" ><div class=\"panel-widget-style panel-widget-style-for-21-3-0-0\" ><div class=\"so-widget-sow-editor so-widget-sow-editor-base\">\n<div class=\"siteorigin-widget-tinymce textwidget\">\n\t<h2>JUDr. Simona Schusztekov\u00e1, PhD., LL.M.<\/h2>\n<p style=\"text-align: justify;\">Simona Schusztekov\u00e1 je \u010dlenkou Predsedn\u00edctva Labour Law Association\/Asoci\u00e1cie pracovn\u00e9ho pr\u00e1va, prostredn\u00edctvom ktorej sa akt\u00edvne podie\u013ea na publika\u010dnej a lektorskej \u010dinnosti. Viac ako 5 rokov viedla pracovnopr\u00e1vnu porad\u0148u na webovom port\u00e1li profesia.sk, od roku 2003 je zap\u00edsan\u00e1 ako sprostredkovate\u013eka a rozhodky\u0148a v Zozname sprostredkovate\u013eov a rozhodcov kolekt\u00edvnych sporov vedenom Ministerstvom pr\u00e1ce, soci\u00e1lnych vec\u00ed a rodiny SR. V minulosti p\u00f4sobila v s\u00fakromnom sektore a nesk\u00f4r na jednom z najv\u00e4\u010d\u0161\u00edch odborov\u00fdch zv\u00e4zov na Slovensku, kde sa venovala v\u0161etk\u00fdm oblastiam pracovn\u00e9ho pr\u00e1va, s ktor\u00fdm m\u00e1 bohat\u00e9 praktick\u00e9 sk\u00fasenosti.<\/p>\n<p style=\"text-align: justify;\">V s\u00fa\u010dasnosti p\u00f4sob\u00ed v advok\u00e1tskej kancel\u00e1rii AK Henrich Du\u0161ek, s.r.o. a vo svojej odbornej praxi sa venuje problematike individu\u00e1lneho a kolekt\u00edvneho pracovn\u00e9ho pr\u00e1va, pr\u00e1vu soci\u00e1lneho zabezpe\u010denia, \u010di u\u017e na strane zamestn\u00e1vate\u013ea alebo z\u00e1stupcov zamestnancov a v neposlednom rade pr\u00e1vnemu poradenstvu pre person\u00e1lne agent\u00fary.<\/p>\n<\/div>\n<\/div><\/div><\/div><\/div><div id=\"pgc-21-3-1\"  class=\"panel-grid-cell\" ><div id=\"panel-21-3-1-0\" class=\"so-panel widget widget_sow-editor panel-first-child panel-last-child\" data-index=\"7\" ><div class=\"so-widget-sow-editor so-widget-sow-editor-base\">\n<div class=\"siteorigin-widget-tinymce textwidget\">\n\t<p><img loading=\"lazy\" decoding=\"async\" class=\"alignnone size-full wp-image-500\" src=\"http:\/\/llakurzy.sk\/skoleniezodpovednejosoby\/wp-content\/uploads\/2018\/03\/sustekova-1.jpg\" alt=\"\" width=\"588\" height=\"444\" srcset=\"http:\/\/llakurzy.sk\/skoleniezodpovednejosoby\/wp-content\/uploads\/2018\/03\/sustekova-1.jpg 588w, http:\/\/llakurzy.sk\/skoleniezodpovednejosoby\/wp-content\/uploads\/2018\/03\/sustekova-1-300x227.jpg 300w\" sizes=\"auto, (max-width: 588px) 100vw, 588px\" \/><\/p>\n<\/div>\n<\/div><\/div><\/div><\/div><div id=\"pg-21-4\"  class=\"panel-grid panel-no-style\" ><div id=\"pgc-21-4-0\"  class=\"panel-grid-cell\" ><div id=\"panel-21-4-0-0\" class=\"so-panel widget widget_sow-editor panel-first-child panel-last-child\" data-index=\"8\" ><div class=\"so-widget-sow-editor so-widget-sow-editor-base\">\n<div class=\"siteorigin-widget-tinymce textwidget\">\n\t<p><img loading=\"lazy\" decoding=\"async\" class=\"alignnone size-full wp-image-501\" src=\"http:\/\/llakurzy.sk\/skoleniezodpovednejosoby\/wp-content\/uploads\/2018\/03\/valentova-1.jpg\" alt=\"\" width=\"588\" height=\"444\" srcset=\"http:\/\/llakurzy.sk\/skoleniezodpovednejosoby\/wp-content\/uploads\/2018\/03\/valentova-1.jpg 588w, http:\/\/llakurzy.sk\/skoleniezodpovednejosoby\/wp-content\/uploads\/2018\/03\/valentova-1-300x227.jpg 300w\" sizes=\"auto, (max-width: 588px) 100vw, 588px\" \/><\/p>\n<\/div>\n<\/div><\/div><\/div><div id=\"pgc-21-4-1\"  class=\"panel-grid-cell\" ><div id=\"panel-21-4-1-0\" class=\"so-panel widget widget_sow-editor panel-first-child panel-last-child\" data-index=\"9\" ><div class=\"panel-widget-style panel-widget-style-for-21-4-1-0\" ><div class=\"so-widget-sow-editor so-widget-sow-editor-base\">\n<div class=\"siteorigin-widget-tinymce textwidget\">\n\t<h2>Mgr. Tatiana Valentov\u00e1<\/h2>\n<p style=\"text-align: justify;\">Tatiana Valentov\u00e1 p\u00f4sob\u00ed ako vrchn\u00e1 in\u0161pektorka \u00faradu na ochranu osobn\u00fdch \u00fadajov Slovenskej republiky a z\u00e1rove\u0148 riadite\u013eka odboru kontroly sprac\u00favania osobn\u00fdch \u00fadajov. Dlhoro\u010dne p\u00f4sob\u00ed v oblasti ochrany a bezpe\u010dnosti inform\u00e1ci\u00ed. V s\u00fa\u010dasnosti sa podie\u013ea na pr\u00edprave nov\u00e9ho z\u00e1kona o ochrane osobn\u00fdch \u00fadajov a \u010fal\u0161\u00edch sekund\u00e1rnych pr\u00e1vnych predpisov v s\u00favislosti s \u00fa\u010dinnos\u0165ou eur\u00f3pskeho nariadenia o ochrane osobn\u00fdch \u00fadajov (GDPR).<\/p>\n<p style=\"text-align: justify;\">P\u00f4sobila ako bezpe\u010dnostn\u00fd analytik a m\u00e1 sk\u00fasenosti s praktickou aplik\u00e1ciou bezpe\u010dnostn\u00fdch opatren\u00ed sl\u00fa\u017eiacich na ochranu inform\u00e1ci\u00ed ako aj s aplik\u00e1ciou legislat\u00edvy a medzin\u00e1rodn\u00fdch noriem pri ich pr\u00edprave. Spolupracuje s Labour Law Association, publikuje, predn\u00e1\u0161a a vedie semin\u00e1re o ochrane osobn\u00fdch \u00fadajov, je hos\u0165om odborn\u00fdch konferenci\u00ed aj na medzin\u00e1rodnej \u00farovni, kde prezentuje praktick\u00e9 sk\u00fasenosti v oblasti ochrany \u00fadajov a s\u00fakromia.<\/p>\n<\/div>\n<\/div><\/div><\/div><\/div><\/div><div id=\"pg-21-5\"  class=\"panel-grid panel-no-style\" ><div id=\"pgc-21-5-0\"  class=\"panel-grid-cell\" ><div id=\"panel-21-5-0-0\" class=\"so-panel widget widget_sow-editor panel-first-child panel-last-child\" data-index=\"10\" ><div class=\"panel-widget-style panel-widget-style-for-21-5-0-0\" ><div class=\"so-widget-sow-editor so-widget-sow-editor-base\">\n<div class=\"siteorigin-widget-tinymce textwidget\">\n\t<h2>JUDr. Jana \u017du\u013eov\u00e1, PhD.<\/h2>\n<p style=\"text-align: justify;\">Jana \u017du\u013eov\u00e1 je \u010dlenkou Labour Law Association\/Asoci\u00e1cia pracovn\u00e9ho pr\u00e1va a s\u00fa\u010dasne p\u00f4sob\u00ed ako odborn\u00e1 asistentka na Katedre pracovn\u00e9ho pr\u00e1va a pr\u00e1va soci\u00e1lneho zabezpe\u010denia Pr\u00e1vnickej fakulty UPJ\u0160 v Ko\u0161iciach. Absolvovala nieko\u013eko zahrani\u010dn\u00fdch \u0161tudijn\u00fdch pobytov na Pr\u00e1vnick\u00fdch fakult\u00e1ch Masarykovej univerzite v Brne a Univerzite Karlovej v Prahe.<\/p>\n<p style=\"text-align: justify;\">V r\u00e1mci svojej vedeckej profil\u00e1cie sa orientuje na problematiku harmoniz\u00e1cie rodinnej a pracovnej sf\u00e9ry a sk\u00famaniu pracovn\u00fdch podmienok vybran\u00fdch skup\u00edn zamestnancov (mladistv\u00ed, absolventi, zamestnanci so zdravotn\u00fdm postihnut\u00edm, osoby 55+). V \u0161ir\u0161om spektre sa venuje odborn\u00e9mu pracovn\u00e9mu poradenstvu v \u010dasopise Pr\u00e1ca a Mzdy bez ch\u00fdb, pok\u00fat a pen\u00e1le.<\/p>\n<\/div>\n<\/div><\/div><\/div><\/div><div id=\"pgc-21-5-1\"  class=\"panel-grid-cell\" ><div id=\"panel-21-5-1-0\" class=\"so-panel widget widget_sow-editor panel-first-child panel-last-child\" data-index=\"11\" ><div class=\"so-widget-sow-editor so-widget-sow-editor-base\">\n<div class=\"siteorigin-widget-tinymce textwidget\">\n\t<p><img loading=\"lazy\" decoding=\"async\" class=\"alignnone size-full wp-image-850\" src=\"http:\/\/1928.sk\/llakurzy\/pracovnepravo\/wp-content\/uploads\/2018\/03\/ava.jpg\" alt=\"\" width=\"588\" height=\"444\" \/><\/p>\n<\/div>\n<\/div><\/div><\/div><\/div><div id=\"pg-21-6\"  class=\"panel-grid panel-no-style\" ><div id=\"pgc-21-6-0\"  class=\"panel-grid-cell\" ><div id=\"panel-21-6-0-0\" class=\"so-panel widget widget_sow-editor panel-first-child panel-last-child\" data-index=\"12\" ><div class=\"so-widget-sow-editor so-widget-sow-editor-base\">\n<div class=\"siteorigin-widget-tinymce textwidget\">\n\t<p><img loading=\"lazy\" decoding=\"async\" class=\"alignnone size-full wp-image-520\" src=\"http:\/\/llakurzy.sk\/skoleniezodpovednejosoby\/wp-content\/uploads\/2018\/03\/bulla.jpg\" alt=\"\" width=\"588\" height=\"444\" srcset=\"http:\/\/llakurzy.sk\/skoleniezodpovednejosoby\/wp-content\/uploads\/2018\/03\/bulla.jpg 588w, http:\/\/llakurzy.sk\/skoleniezodpovednejosoby\/wp-content\/uploads\/2018\/03\/bulla-300x227.jpg 300w\" sizes=\"auto, (max-width: 588px) 100vw, 588px\" \/><\/p>\n<\/div>\n<\/div><\/div><\/div><div id=\"pgc-21-6-1\"  class=\"panel-grid-cell\" ><div id=\"panel-21-6-1-0\" class=\"so-panel widget widget_sow-editor panel-first-child panel-last-child\" data-index=\"13\" ><div class=\"panel-widget-style panel-widget-style-for-21-6-1-0\" ><div class=\"so-widget-sow-editor so-widget-sow-editor-base\">\n<div class=\"siteorigin-widget-tinymce textwidget\">\n\t<h2>Mgr. et Bc. Martin Bulla, PhD.<\/h2>\n<p style=\"text-align: justify;\">Martin Bulla je \u010dlen Predsedn\u00edctva Labour Law Association\/Asoci\u00e1cia pracovn\u00e9ho pr\u00e1va a p\u00f4sob\u00ed ako odborn\u00fd asistent na Katedre medzin\u00e1rodn\u00e9ho pr\u00e1va a eur\u00f3pskeho pr\u00e1va, Pr\u00e1vnick\u00e1 fakulta, Trnavsk\u00e1 univerzita v Trnave. Sk\u00fasenosti z aplika\u010dnej praxe nadobudol po\u010das pr\u00e1ce na okresnom s\u00fade a nesk\u00f4r v advok\u00e1tskej kancel\u00e1rii.<\/p>\n<p style=\"text-align: justify;\">Vo svojej vedeckej a publika\u010dnej \u010dinnosti sa zameriava najm\u00e4 na problematiku medzin\u00e1rodn\u00e9ho a eur\u00f3pskeho pracovn\u00e9ho pr\u00e1va; \u0161pecializ\u00e1ciu v tejto oblasti si preh\u013abil \u0161t\u00fadiom LLM programu International and European Labour Law na Pr\u00e1vnickej fakulte v Tilburgu. Absolvoval viacero zahrani\u010dn\u00fdch v\u00fdskumn\u00fdch pobytov a st\u00e1\u017e\u00ed, napr\u00edklad na Amsterdam Institute of Advanced Labour Studies alebo v organiz\u00e1cii UNI Global Union.<\/p>\n<\/div>\n<\/div><\/div><\/div><\/div><\/div><div id=\"pg-21-7\"  class=\"panel-grid panel-no-style\" ><div id=\"pgc-21-7-0\"  class=\"panel-grid-cell\" ><div id=\"panel-21-7-0-0\" class=\"so-panel widget widget_sow-editor panel-first-child panel-last-child\" data-index=\"14\" ><div class=\"panel-widget-style panel-widget-style-for-21-7-0-0\" ><div class=\"so-widget-sow-editor so-widget-sow-editor-base\">\n<div class=\"siteorigin-widget-tinymce textwidget\">\n\t<h2>JUDr. Zdenka Dvoranov\u00e1<\/h2>\n<p style=\"text-align: justify;\">Zdenka Dvoranov\u00e1 je \u010dlenou Labour Law Associatio\/Asoci\u00e1cia pracovn\u00e9ho pr\u00e1va, pr\u00e1vni\u010dka, \u0161pecialistka na pracovn\u00e9 pr\u00e1vo, kolekt\u00edvne vyjedn\u00e1vanie a soci\u00e1lne zabezpe\u010denie s vy\u0161e 25 ro\u010dnou praxou v tejto oblasti. Pracovala ako podnikov\u00e1 pr\u00e1vni\u010dka, nesk\u00f4r ako ved\u00faca oddelenia person\u00e1lnej pr\u00e1ce, soci\u00e1lnej starostlivosti a v\u00fdchovy a vzdel\u00e1vania a od roku 1994 pracuje ako expert v oblasti pracovn\u00e9ho pr\u00e1va, kolekt\u00edvneho vyjedn\u00e1vania a kolekt\u00edvnych zml\u00fav. V rokoch 1991 a\u017e 2006 bola veden\u00e1 na Ministerstve pr\u00e1ce, soci\u00e1lnych vec\u00ed a rodiny SR, Bratislava a vykon\u00e1vala \u010dinnos\u0165  sprostredkovate\u013ea a rozhodcu na rie\u0161enie kolekt\u00edvnych sporov pod\u013ea z\u00e1kona o kolekt\u00edvnom vyjedn\u00e1van\u00ed.<\/p>\n<\/div>\n<\/div><\/div><\/div><\/div><div id=\"pgc-21-7-1\"  class=\"panel-grid-cell\" ><div id=\"panel-21-7-1-0\" class=\"so-panel widget widget_sow-editor panel-first-child panel-last-child\" data-index=\"15\" ><div class=\"so-widget-sow-editor so-widget-sow-editor-base\">\n<div class=\"siteorigin-widget-tinymce textwidget\">\n\t<p><img loading=\"lazy\" decoding=\"async\" class=\"alignnone size-full wp-image-521\" src=\"http:\/\/llakurzy.sk\/skoleniezodpovednejosoby\/wp-content\/uploads\/2018\/03\/dvoranova.jpg\" alt=\"\" width=\"588\" height=\"444\" srcset=\"http:\/\/llakurzy.sk\/skoleniezodpovednejosoby\/wp-content\/uploads\/2018\/03\/dvoranova.jpg 588w, http:\/\/llakurzy.sk\/skoleniezodpovednejosoby\/wp-content\/uploads\/2018\/03\/dvoranova-300x227.jpg 300w\" sizes=\"auto, (max-width: 588px) 100vw, 588px\" \/><\/p>\n<\/div>\n<\/div><\/div><\/div><\/div><\/div>","protected":false},"excerpt":{"rendered":"<p>doc. JUDr. Andrea Ol\u0161ovsk\u00e1, PhD. Andrea Ol\u0161ovsk\u00e1 je predsedn\u00ed\u010dkou Labour Law Association\/Asoci\u00e1cia pracovn\u00e9ho pr\u00e1va a s\u00fa\u010dasne p\u00f4sob\u00ed ako dekanka Pr\u00e1vnickej fakulty, Trnavskej univerzity v Trnave. Od roku 2006 je advok\u00e1tkou spolupracuj\u00facou s PRK Partners, sr.o. \u0161pecializuj\u00facou sa na oblas\u0165 pracovn\u00e9ho pr\u00e1va. Je ob\u013e\u00fabenou a vysoko\u017eiadanou predn\u00e1\u0161ate\u013ekou na odborn\u00fdch semin\u00e1roch a konferenci\u00e1ch a vedie aj rad [&hellip;]<\/p>\n","protected":false},"author":1,"featured_media":0,"parent":0,"menu_order":0,"comment_status":"closed","ping_status":"closed","template":"lektori.php","meta":{"footnotes":""},"class_list":["post-21","page","type-page","status-publish","hentry"],"_links":{"self":[{"href":"http:\/\/llakurzy.sk\/skoleniezodpovednejosoby\/wp-json\/wp\/v2\/pages\/21","targetHints":{"allow":["GET"]}}],"collection":[{"href":"http:\/\/llakurzy.sk\/skoleniezodpovednejosoby\/wp-json\/wp\/v2\/pages"}],"about":[{"href":"http:\/\/llakurzy.sk\/skoleniezodpovednejosoby\/wp-json\/wp\/v2\/types\/page"}],"author":[{"embeddable":true,"href":"http:\/\/llakurzy.sk\/skoleniezodpovednejosoby\/wp-json\/wp\/v2\/users\/1"}],"replies":[{"embeddable":true,"href":"http:\/\/llakurzy.sk\/skoleniezodpovednejosoby\/wp-json\/wp\/v2\/comments?post=21"}],"version-history":[{"count":48,"href":"http:\/\/llakurzy.sk\/skoleniezodpovednejosoby\/wp-json\/wp\/v2\/pages\/21\/revisions"}],"predecessor-version":[{"id":526,"href":"http:\/\/llakurzy.sk\/skoleniezodpovednejosoby\/wp-json\/wp\/v2\/pages\/21\/revisions\/526"}],"wp:attachment":[{"href":"http:\/\/llakurzy.sk\/skoleniezodpovednejosoby\/wp-json\/wp\/v2\/media?parent=21"}],"curies":[{"name":"wp","href":"https:\/\/api.w.org\/{rel}","templated":true}]}}