{"id":586,"date":"2018-03-05T23:26:23","date_gmt":"2018-03-05T22:26:23","guid":{"rendered":"http:\/\/llakurzy.sk\/pracovnepravo\/?page_id=586"},"modified":"2018-03-16T23:36:30","modified_gmt":"2018-03-16T22:36:30","slug":"kurz-2f-skolenie-jednoducheho-uctovnictva-pre-odborove-organizacie","status":"publish","type":"page","link":"http:\/\/llakurzy.sk\/pracovnepravo\/kurzy\/kurz-2f-skolenie-jednoducheho-uctovnictva-pre-odborove-organizacie\/","title":{"rendered":"Kurz 2F: \u0160kolenie jednoduch\u00e9ho \u00fa\u010dtovn\u00edctva pre odborov\u00e9 organiz\u00e1cie"},"content":{"rendered":"<div id=\"pl-586\"  class=\"panel-layout\" ><div id=\"pg-586-0\"  class=\"panel-grid panel-has-style\" ><div class=\"kurz panel-row-style panel-row-style-for-586-0\" ><div id=\"pgc-586-0-0\"  class=\"panel-grid-cell\" ><div id=\"panel-586-0-0-0\" class=\"so-panel widget widget_sow-editor panel-first-child panel-last-child\" data-index=\"0\" ><div class=\"panel-widget-style panel-widget-style-for-586-0-0-0\" ><div class=\"so-widget-sow-editor so-widget-sow-editor-base\">\n<div class=\"siteorigin-widget-tinymce textwidget\">\n\t<h1>Kurz 2F: \u0160kolenie jednoduch\u00e9ho \u00fa\u010dtovn\u00edctva pre odborov\u00e9 organiz\u00e1cie<\/h1>\n<a href=\"http:\/\/llakurzy.sk\/pracovnepravo\/\"> <img decoding=\"async\" class=\"alignnone size-full wp-image-235 back-img\" src=\"http:\/\/llakurzy.sk\/pracovnepravo\/wp-content\/themes\/lla\/assets\/back.svg\" alt=\"back\" \/><\/a>\n<a href=\"http:\/\/llakurzy.sk\/pracovnepravo\/\"><p class=\"back\">Sp\u00e4\u0165 ku v\u0161etk\u00fdm kurzom\n\n<\/a>\n&nbsp;\n\n<hr \/>\n\n<img loading=\"lazy\" decoding=\"async\" class=\"alignnone size-full wp-image-236 kurz-icon\" src=\"http:\/\/llakurzy.sk\/pracovnepravo\/wp-content\/uploads\/2017\/08\/time.png\" alt=\"\" width=\"93\" height=\"93\" \/>\n<div class=\"kurz-info\">\n<p class=\"kurzy-title\">Rozsah:\n\n\n<p class=\"kurzy-text\">6 hod\u00edn\n\n\n\n<\/div>\n\n<hr \/>\n\n<img loading=\"lazy\" decoding=\"async\" class=\"alignnone size-full wp-image-236 kurz-icon\" src=\"http:\/\/llakurzy.sk\/pracovnepravo\/wp-content\/uploads\/2017\/08\/reunion.png\" alt=\"\" width=\"93\" height=\"93\" \/>\n<div class=\"kurz-info-h\">\n<p class=\"kurzy-title\">Pre v\u0161etk\u00fdch:\n\n\n<p class=\"kurzy-text\">zamestnancov person\u00e1lnych a pr\u00e1vnych oddelen\u00ed, pr\u00e1vnikov, riadiacich zamestnancov so zodpovednos\u0165ou za person\u00e1lnu a mzdov\u00fa agendu\n\n\n\n<\/div>\n\n<hr \/>\n\n<img loading=\"lazy\" decoding=\"async\" class=\"alignnone size-full wp-image-236 kurz-icon\" src=\"http:\/\/llakurzy.sk\/pracovnepravo\/wp-content\/uploads\/2017\/08\/lecture.png\" alt=\"\" width=\"93\" height=\"93\" \/>\n<div class=\"kurz-info\">\n<p class=\"kurzy-title\">Po\u010det \u00fa\u010dastn\u00edkov:\n\n\n<p class=\"kurzy-text\">max. 30\n\n\n\n<\/div>\n\n<hr \/>\n\n<img loading=\"lazy\" decoding=\"async\" class=\"alignnone size-full wp-image-236 kurz-icon\" src=\"http:\/\/llakurzy.sk\/pracovnepravo\/wp-content\/uploads\/2017\/08\/target.png\" alt=\"\" width=\"93\" height=\"93\" \/>\n<div class=\"kurz-info-h\">\n<p class=\"kurzy-title\">Cie\u013e a obsah kurzu:\n\n\n<p class=\"kurzy-text\">- Semin\u00e1r je ur\u010den\u00fd za\u010d\u00ednaj\u00facim a u\u017e zvolen\u00fdm funkcion\u00e1rom odborov\u00fdch organiz\u00e1ci\u00ed a je zameran\u00fd na osvojenie si z\u00e1kladn\u00fdch teoretick\u00fdch i praktick\u00fdch inform\u00e1ci\u00ed v s\u00favislosti s veden\u00edm \u00fa\u010dtovn\u00edctva z\u00e1kladnej odborovej organiz\u00e1cie, a to najm\u00e4 vo vz\u0165ahu k evidencii samotn\u00fdch \u010dlensk\u00fdch pr\u00edspevkov, zaveden\u00e9ho benefitn\u00e9ho syst\u00e9mu odborovej organiz\u00e1cie alebo vo vz\u0165ahu k uplat\u0148ovaniu soci\u00e1lneho fondu odborovej organiz\u00e1cie.\n\n\n<p class=\"kurzy-text\">- S\u00fa\u010das\u0165ou semin\u00e1ra bude rovnako v\u00fdklad k pravidl\u00e1m komunik\u00e1cie s org\u00e1nmi verejnej spr\u00e1vy v oblasti finan\u010dnej spr\u00e1vy, podmienky a predpoklady pod\u00e1vania da\u0148ov\u00e9ho priznania a plnenia si \u010fal\u0161\u00edch povinnost\u00ed vypl\u00fdvaj\u00facich z vedenia jednoduch\u00e9ho \u00fa\u010dtovn\u00edctva, vr\u00e1tane rizika ulo\u017eenia sankci\u00ed za neplnenie stanoven\u00fdch povinnost\u00ed.\n\n\n<p class=\"kurzy-text\">- Po\u010das cel\u00e9ho vzdel\u00e1vania maj\u00fa \u00fa\u010dastn\u00edci mo\u017enos\u0165 diskusie a individu\u00e1lneho rie\u0161enia ich konkr\u00e9tnych probl\u00e9mov s lektorom.\n\n\n\n<\/div>\n\n<hr \/>\n\n<img loading=\"lazy\" decoding=\"async\" class=\"alignnone size-full wp-image-236 kurz-icon\" src=\"http:\/\/llakurzy.sk\/pracovnepravo\/wp-content\/uploads\/2017\/08\/teacher.png\" alt=\"\" width=\"93\" height=\"93\" \/>\n<div class=\"kurz-info-h\">\n<p class=\"kurzy-title\">Lektori (alternat\u00edvne):\n\n\n<a class=\"carousel-control-prev\" role=\"button\" href=\"#myCarousel\" data-slide=\"prev\">\n<img decoding=\"async\" class=\"alignnone size-full wp-image-236 lektor-left\" src=\"http:\/\/llakurzy.sk\/pracovnepravo\/wp-content\/uploads\/2017\/08\/left.png\" \/>\n<\/a>\n<a class=\"carousel-control-next\" role=\"button\" href=\"#myCarousel\" data-slide=\"next\">\n<img decoding=\"async\" class=\"alignnone size-full wp-image-236 lektor-right\" src=\"http:\/\/llakurzy.sk\/pracovnepravo\/wp-content\/uploads\/2017\/08\/right.png\" \/>\n<\/a>\n<div id=\"myCarousel\" class=\"carousel slide\" data-ride=\"carousel\">\n<div class=\"carousel-inner\" role=\"listbox\">\n<div class=\"carousel-item active\">\n<div class=\"lektor\"><img decoding=\"async\" class=\"alignnone size-full wp-image-236\" src=\"http:\/\/llakurzy.sk\/pracovnepravo\/wp-content\/uploads\/2017\/08\/rimkova.png\" \/><\/div>\n<p class=\"lektor-meno\">Ing. Zuzana Rimkov\u00e1\n\n\n<p class=\"lektor-popis\"><a href=\"http:\/\/llakurzy.sk\/pracovnepravo\/lektori\/\">Viac<\/a>\n\n\n\n<\/div>\n<\/div>\n<\/div>\n<\/div>\n\n<hr \/>\n\n<img loading=\"lazy\" decoding=\"async\" class=\"alignnone size-full wp-image-236 kurz-icon\" src=\"http:\/\/llakurzy.sk\/pracovnepravo\/wp-content\/uploads\/2017\/08\/info.png\" alt=\"\" width=\"93\" height=\"93\" \/>\n<div class=\"kurz-info\">\n<p class=\"kurzy-title\">*pod\u013ea dohody mo\u017enos\u0165 \u00fapravy rozsahu i obsahu kurzu pod\u013ea po\u017eiadaviek\n\n\n<p class=\"kurzy-text\">\n\n\n\n<\/div><\/div>\n<\/div><\/div><\/div><\/div><div id=\"pgc-586-0-1\"  class=\"panel-grid-cell\" ><div id=\"panel-586-0-1-0\" class=\"so-panel widget widget_sow-editor panel-first-child panel-last-child\" data-index=\"1\" ><div class=\"panel-widget-style panel-widget-style-for-586-0-1-0\" ><div class=\"so-widget-sow-editor so-widget-sow-editor-base\">\n<div class=\"siteorigin-widget-tinymce textwidget\">\n\t<div class=\"price-left\"><\/div>\n<div class=\"price-right\"><\/div>\n<div class=\"price-cal\"><\/div>\n<div class=\"price-date\"><\/div>\n<div class=\"price-last\"><\/div>\n<a href=\"#\"><button>Prihl\u00e1si\u0165 sa<\/button><\/a><\/div>\n<\/div><\/div><\/div><\/div><\/div><\/div><\/div>","protected":false},"excerpt":{"rendered":"<p>Kurz 2F: \u0160kolenie jednoduch\u00e9ho \u00fa\u010dtovn\u00edctva pre odborov\u00e9 organiz\u00e1cie Sp\u00e4\u0165 ku v\u0161etk\u00fdm kurzom &nbsp; Rozsah: 6 hod\u00edn Pre v\u0161etk\u00fdch: zamestnancov person\u00e1lnych a pr\u00e1vnych oddelen\u00ed, pr\u00e1vnikov, riadiacich zamestnancov so zodpovednos\u0165ou za person\u00e1lnu a mzdov\u00fa agendu Po\u010det \u00fa\u010dastn\u00edkov: max. 30 Cie\u013e a obsah kurzu: &#8211; Semin\u00e1r je ur\u010den\u00fd za\u010d\u00ednaj\u00facim a u\u017e zvolen\u00fdm funkcion\u00e1rom odborov\u00fdch organiz\u00e1ci\u00ed a je zameran\u00fd [&hellip;]<\/p>\n","protected":false},"author":1,"featured_media":0,"parent":13,"menu_order":0,"comment_status":"closed","ping_status":"closed","template":"kurz-2f.php","meta":{"footnotes":""},"class_list":["post-586","page","type-page","status-publish","hentry"],"_links":{"self":[{"href":"http:\/\/llakurzy.sk\/pracovnepravo\/wp-json\/wp\/v2\/pages\/586","targetHints":{"allow":["GET"]}}],"collection":[{"href":"http:\/\/llakurzy.sk\/pracovnepravo\/wp-json\/wp\/v2\/pages"}],"about":[{"href":"http:\/\/llakurzy.sk\/pracovnepravo\/wp-json\/wp\/v2\/types\/page"}],"author":[{"embeddable":true,"href":"http:\/\/llakurzy.sk\/pracovnepravo\/wp-json\/wp\/v2\/users\/1"}],"replies":[{"embeddable":true,"href":"http:\/\/llakurzy.sk\/pracovnepravo\/wp-json\/wp\/v2\/comments?post=586"}],"version-history":[{"count":20,"href":"http:\/\/llakurzy.sk\/pracovnepravo\/wp-json\/wp\/v2\/pages\/586\/revisions"}],"predecessor-version":[{"id":956,"href":"http:\/\/llakurzy.sk\/pracovnepravo\/wp-json\/wp\/v2\/pages\/586\/revisions\/956"}],"up":[{"embeddable":true,"href":"http:\/\/llakurzy.sk\/pracovnepravo\/wp-json\/wp\/v2\/pages\/13"}],"wp:attachment":[{"href":"http:\/\/llakurzy.sk\/pracovnepravo\/wp-json\/wp\/v2\/media?parent=586"}],"curies":[{"name":"wp","href":"https:\/\/api.w.org\/{rel}","templated":true}]}}