{"id":205,"date":"2017-08-28T15:54:27","date_gmt":"2017-08-28T13:54:27","guid":{"rendered":"http:\/\/llakurzy.sk\/ochranaosobnychudajov\/?page_id=205"},"modified":"2018-03-17T08:44:41","modified_gmt":"2018-03-17T07:44:41","slug":"kurz-3a-nariadenie-gdpr-a-zakon-o-ochrane-osobnych-udajov-a-jeho-dopady-na-cinnost-zamestnavatela","status":"publish","type":"page","link":"http:\/\/llakurzy.sk\/ochranaosobnychudajov\/kurzy\/kurz-3a-nariadenie-gdpr-a-zakon-o-ochrane-osobnych-udajov-a-jeho-dopady-na-cinnost-zamestnavatela\/","title":{"rendered":"Kurz 3A: Nariadenie GDPR a z\u00e1kon o ochrane osobn\u00fdch \u00fadajov a jeho dopady na \u010dinnos\u0165 zamestn\u00e1vate\u013ea"},"content":{"rendered":"<div id=\"pl-205\"  class=\"panel-layout\" ><div id=\"pg-205-0\"  class=\"panel-grid panel-has-style\" ><div class=\"kurz panel-row-style panel-row-style-for-205-0\" ><div id=\"pgc-205-0-0\"  class=\"panel-grid-cell\" ><div id=\"panel-205-0-0-0\" class=\"so-panel widget widget_sow-editor panel-first-child panel-last-child\" data-index=\"0\" ><div class=\"panel-widget-style panel-widget-style-for-205-0-0-0\" ><div class=\"so-widget-sow-editor so-widget-sow-editor-base\">\n<div class=\"siteorigin-widget-tinymce textwidget\">\n\t<h1>Kurz 3A: Nariadenie GDPR a z\u00e1kon o ochrane osobn\u00fdch \u00fadajov a jeho dopady na \u010dinnos\u0165 zamestn\u00e1vate\u013ea<\/h1>\n<a>\n<img decoding=\"async\" class=\"alignnone size-full wp-image-235 back-img\" src=\"http:\/\/1928.sk\/llakurzy\/ochranaosobnychudajov\/wp-content\/themes\/lla\/assets\/back.svg\" alt=\"back\" \/><\/a>\n<a href=\"http:\/\/1928.sk\/llakurzy\/ochranaosobnychudajov\/\"><p class=\"back\">Sp\u00e4\u0165 ku v\u0161etk\u00fdm kurzom\n\n<\/a>\n&nbsp;\n\n<hr \/>\n\n<img loading=\"lazy\" decoding=\"async\" class=\"alignnone size-full wp-image-236 kurz-icon\" src=\"http:\/\/1928.sk\/llakurzy\/ochranaosobnychudajov\/wp-content\/uploads\/2017\/08\/youtube.png\" alt=\"\" width=\"93\" height=\"93\" \/>\n<div class=\"kurz-info-h\">\n<p class=\"kurzy-title\">Video:\n\n\n<p class=\"kurzy-text\">predstavenie kurzu\n\n\n<iframe loading=\"lazy\" src=\"https:\/\/www.youtube.com\/embed\/jrT7eE_J4tE\" width=\"300\" height=\"150\">\n<\/iframe>\n\n<\/div>\n\n<hr \/>\n\n<img loading=\"lazy\" decoding=\"async\" class=\"alignnone size-full wp-image-236 kurz-icon\" src=\"http:\/\/1928.sk\/llakurzy\/ochranaosobnychudajov\/wp-content\/uploads\/2017\/08\/time.png\" alt=\"\" width=\"93\" height=\"93\" \/>\n<div class=\"kurz-info\">\n<p class=\"kurzy-title\">Rozsah:\n\n\n<p class=\"kurzy-text\">6 hod\u00edn\n\n\n\n<\/div>\n\n<hr \/>\n\n<img loading=\"lazy\" decoding=\"async\" class=\"alignnone size-full wp-image-236 kurz-icon\" src=\"http:\/\/1928.sk\/llakurzy\/ochranaosobnychudajov\/wp-content\/uploads\/2017\/08\/reunion.png\" alt=\"\" width=\"93\" height=\"93\" \/>\n<div class=\"kurz-info-h\">\n<p class=\"kurzy-title\">Pre v\u0161etk\u00fdch:\n\n\n<p class=\"kurzy-text\">zamestnanci person\u00e1lnych a pr\u00e1vnych oddelen\u00ed, pr\u00e1vnici, riadiaci zamestnanci so zodpovednos\u0165ou za person\u00e1lnu a mzdov\u00fa agendu\u00a0zamestn\u00e1vate\u013ea\n\n\n\n<\/div>\n\n<hr \/>\n\n<img loading=\"lazy\" decoding=\"async\" class=\"alignnone size-full wp-image-236 kurz-icon\" src=\"http:\/\/1928.sk\/llakurzy\/ochranaosobnychudajov\/wp-content\/uploads\/2017\/08\/lecture.png\" alt=\"\" width=\"93\" height=\"93\" \/>\n<div class=\"kurz-info\">\n<p class=\"kurzy-title\">Po\u010det \u00fa\u010dastn\u00edkov:\n\n\n<p class=\"kurzy-text\">max. 30\n\n\n\n<\/div>\n\n<hr \/>\n\n<img loading=\"lazy\" decoding=\"async\" class=\"alignnone size-full wp-image-236 kurz-icon\" src=\"http:\/\/1928.sk\/llakurzy\/ochranaosobnychudajov\/wp-content\/uploads\/2017\/08\/target.png\" alt=\"\" width=\"93\" height=\"93\" \/>\n<div class=\"kurz-info-h\">\n<p class=\"kurzy-title\">Cie\u013e a obsah kurzu:\n\n\n<p class=\"kurzy-text\">- z\u00e1kladn\u00fd preh\u013ead a porovnanie GDPR a nov\u00e9ho z\u00e1kona o ochrane osobn\u00fdch \u00fadajov v porovnan\u00ed s p\u00f4vodnou pr\u00e1vnou \u00fapravou,\n\n\n<p class=\"kurzy-text\">- rozdiely v podmienkach sprac\u00favania osobn\u00fdch \u00fadajov pod\u013ea GDPR a nov\u00e9ho z\u00e1kona o ochrane osobn\u00fdch \u00fadajov v porovnan\u00ed s p\u00f4vodnou pr\u00e1vnou \u00fapravou,\n\n\n<p class=\"kurzy-text\">- nov\u00e9 princ\u00edpy zodpovednosti za ochranu osobn\u00fdch \u00fadajov u prev\u00e1dzkovate\u013ea vr\u00e1tane nov\u00fdch princ\u00edpov ur\u010denia zodpovednej osoby, preukazovanie splnenia po\u017eiadaviek GDPR na ochranu osobn\u00fdch \u00fadajov,\n\n\n<p class=\"kurzy-text\">- pr\u00e1va a povinnosti dotknutej osoby vo\u010di prev\u00e1dzkovate\u013eovi osobn\u00fdch \u00fadajov (pr\u00edstup k \u00fadajom, pr\u00e1vo na zabudnutie, pr\u00e1vo na opravu, prenosnos\u0165 \u00fadajov, obmedzenie sprac\u00favania osobn\u00fdch \u00fadajov),\n\n\n<p class=\"kurzy-text\">- ako sa dotkne GDPR a nov\u00fd z\u00e1kon o ochrane osobn\u00fdch \u00fadajov v\u00fdberov\u00fdch konan\u00ed, posudzovania zdravotnej sp\u00f4sobilosti zamestnancov, bezpe\u010dnosti a ochrany zdravia pri pr\u00e1ci a pod.,\n\n\n<p class=\"kurzy-text\">- k\u00f3dexy spr\u00e1vania, akredit\u00e1cia, certifik\u00e1cia ako mechanizmy na preukazovanie s\u00faladu prev\u00e1dzkovate\u013ea s nov\u00fdm z\u00e1konom o ochrane osobn\u00fdch \u00fadajov a v\u0161eobecn\u00fdm nariaden\u00edm o ochrane \u00fadajov,\n\n\n<p class=\"kurzy-text\">- zmeny v postaven\u00ed sprostredkovate\u013ea, obsah a rozsah sprostredkovate\u013eskej zmluvy a zodpovednos\u0165 prev\u00e1dzkovate\u013ea v zmysle GDPR,\n\n\n<p class=\"kurzy-text\">- prijatie primeran\u00fdch bezpe\u010dnostn\u00fdch opatren\u00ed, zavedenie vn\u00fatorn\u00fdch mechanizmov, posudzovanie vplyvu na ochranu osobn\u00fdch \u00fadajov (dopad spracovate\u013esk\u00fdch oper\u00e1ci\u00ed na pr\u00e1va a ochranu s\u00fakromia dotknut\u00fdch os\u00f4b),\n\n\n<p class=\"kurzy-text\">- postupy pri identifik\u00e1cii rizika s\u00favisiaceho so sprac\u00favan\u00edm osobn\u00fdch \u00fadajov, pos\u00fadenie rizika s\u00favisiaceho so sprac\u00favan\u00edm osobn\u00fdch \u00fadajov, jeho pos\u00faden\u00edm zo zrete\u013eom na p\u00f4vod, povahu, pravdepodobnos\u0165 a jeho z\u00e1va\u017enos\u0165 a na identifik\u00e1ciu najlep\u0161\u00edch postupov na zmiernenie rizika,\n\n\n<p class=\"kurzy-text\">- poskytnutie osobn\u00fdch \u00fadajov in\u00e9mu prev\u00e1dzkovate\u013eovi, poskytnutie osobn\u00fdch \u00fadajov v r\u00e1mci E\u00da a prenos osobn\u00fdch \u00fadajov mimo E\u00da,\n\n\n<p class=\"kurzy-text\">- preh\u013ead z\u00e1konn\u00fdch leh\u00f4t pre realiz\u00e1ciu jednotliv\u00fdch pr\u00e1v a povinnost\u00ed,\n\n\n<p class=\"kurzy-text\">- rie\u0161enie konkr\u00e9tnych pr\u00edpadov\u00fdch \u0161t\u00fadi\u00ed na podmienky zamestn\u00e1vate\u013ea.\n\n\n\n<\/div>\n\n<hr \/>\n\n<img loading=\"lazy\" decoding=\"async\" class=\"alignnone size-full wp-image-236 kurz-icon\" src=\"http:\/\/1928.sk\/llakurzy\/ochranaosobnychudajov\/wp-content\/uploads\/2017\/08\/teacher.png\" alt=\"\" width=\"93\" height=\"93\" \/>\n<div class=\"kurz-info-h\">\n<p class=\"kurzy-title\">Lektor\n\n\n<div id=\"myCarousel\" class=\"carousel slide\" data-ride=\"carousel\">\n<div class=\"carousel-inner\" role=\"listbox\">\n<div class=\"carousel-item active\">\n<div class=\"lektor\"><img decoding=\"async\" class=\"alignnone size-full wp-image-236\" src=\"http:\/\/1928.sk\/llakurzy\/ochranaosobnychudajov\/wp-content\/uploads\/2017\/08\/valentova.png\" \/><\/div>\n<p class=\"lektor-meno\">Mgr. Tatiana Valentov\u00e1\n\n\n\n<\/div>\n<\/div>\n<\/div>\n<\/div>\n\n<hr \/>\n\n<img loading=\"lazy\" decoding=\"async\" class=\"alignnone size-full wp-image-236 kurz-icon\" src=\"http:\/\/1928.sk\/llakurzy\/ochranaosobnychudajov\/wp-content\/uploads\/2017\/08\/info.png\" alt=\"\" width=\"93\" height=\"93\" \/>\n<div class=\"kurz-info-h\">\n<p class=\"kurzy-text\">V \u00fa\u010dastn\u00edckom poplatku je zahrnut\u00fd obed, ob\u010derstvenie (k\u00e1va, \u010daj, miner\u00e1lka), materi\u00e1l v elektronickej podobe a n\u00e1klady na organiza\u010dn\u00e9 zabezpe\u010denie semin\u00e1ra.\n\n\n<p class=\"kurzy-text\">V pr\u00edpade V\u00e1\u0161ho z\u00e1ujmu o absolvovanie vzdel\u00e1vacieho kurzu pros\u00edm nav\u0161t\u00edvte n\u00e1\u0161 e-shop.\n\n\n<p class=\"kurzy-text\">\u010eal\u0161ie inform\u00e1cie m\u00f4\u017eete z\u00edska\u0165 u zodpovednej osoby organiz\u00e1tora.\n\n\n\n<\/div><\/div>\n<\/div><\/div><\/div><\/div><div id=\"pgc-205-0-1\"  class=\"panel-grid-cell\" ><div id=\"panel-205-0-1-0\" class=\"so-panel widget widget_sow-editor panel-first-child panel-last-child\" data-index=\"1\" ><div class=\"panel-widget-style panel-widget-style-for-205-0-1-0\" ><div class=\"so-widget-sow-editor so-widget-sow-editor-base\">\n<div class=\"siteorigin-widget-tinymce textwidget\">\n\t<div class=\"price-left\"><\/div>\n<div class=\"price-right\"><\/div>\n<div class=\"price-cal\"><\/div>\n<div class=\"price-date\"><\/div>\n<div class=\"price-last\"><\/div>\n<a href=\"#\"><button>Prihl\u00e1si\u0165 sa<\/button><\/a>\n<\/div>\n<\/div><\/div><\/div><\/div><\/div><\/div><\/div>","protected":false},"excerpt":{"rendered":"<p>Kurz 3A: Nariadenie GDPR a z\u00e1kon o ochrane osobn\u00fdch \u00fadajov a jeho dopady na \u010dinnos\u0165 zamestn\u00e1vate\u013ea Sp\u00e4\u0165 ku v\u0161etk\u00fdm kurzom &nbsp; Video: predstavenie kurzu Rozsah: 6 hod\u00edn Pre v\u0161etk\u00fdch: zamestnanci person\u00e1lnych a pr\u00e1vnych oddelen\u00ed, pr\u00e1vnici, riadiaci zamestnanci so zodpovednos\u0165ou za person\u00e1lnu a mzdov\u00fa agendu\u00a0zamestn\u00e1vate\u013ea Po\u010det \u00fa\u010dastn\u00edkov: max. 30 Cie\u013e a obsah kurzu: &#8211; z\u00e1kladn\u00fd preh\u013ead [&hellip;]<\/p>\n","protected":false},"author":1,"featured_media":0,"parent":13,"menu_order":0,"comment_status":"closed","ping_status":"closed","template":"kurz-3a.php","meta":{"footnotes":""},"class_list":["post-205","page","type-page","status-publish","hentry"],"_links":{"self":[{"href":"http:\/\/llakurzy.sk\/ochranaosobnychudajov\/wp-json\/wp\/v2\/pages\/205","targetHints":{"allow":["GET"]}}],"collection":[{"href":"http:\/\/llakurzy.sk\/ochranaosobnychudajov\/wp-json\/wp\/v2\/pages"}],"about":[{"href":"http:\/\/llakurzy.sk\/ochranaosobnychudajov\/wp-json\/wp\/v2\/types\/page"}],"author":[{"embeddable":true,"href":"http:\/\/llakurzy.sk\/ochranaosobnychudajov\/wp-json\/wp\/v2\/users\/1"}],"replies":[{"embeddable":true,"href":"http:\/\/llakurzy.sk\/ochranaosobnychudajov\/wp-json\/wp\/v2\/comments?post=205"}],"version-history":[{"count":103,"href":"http:\/\/llakurzy.sk\/ochranaosobnychudajov\/wp-json\/wp\/v2\/pages\/205\/revisions"}],"predecessor-version":[{"id":592,"href":"http:\/\/llakurzy.sk\/ochranaosobnychudajov\/wp-json\/wp\/v2\/pages\/205\/revisions\/592"}],"up":[{"embeddable":true,"href":"http:\/\/llakurzy.sk\/ochranaosobnychudajov\/wp-json\/wp\/v2\/pages\/13"}],"wp:attachment":[{"href":"http:\/\/llakurzy.sk\/ochranaosobnychudajov\/wp-json\/wp\/v2\/media?parent=205"}],"curies":[{"name":"wp","href":"https:\/\/api.w.org\/{rel}","templated":true}]}}