{"id":18,"date":"2017-08-13T00:57:18","date_gmt":"2017-08-12T22:57:18","guid":{"rendered":"http:\/\/llakurzy.sk\/ochranaosobnychudajov\/?page_id=18"},"modified":"2018-03-17T09:23:48","modified_gmt":"2018-03-17T08:23:48","slug":"referenciepartneri","status":"publish","type":"page","link":"http:\/\/llakurzy.sk\/ochranaosobnychudajov\/referenciepartneri\/","title":{"rendered":"REFERENCIE\/PARTNERI"},"content":{"rendered":"<div id=\"pl-18\"  class=\"panel-layout\" ><div id=\"pg-18-0\"  class=\"panel-grid panel-has-style\" ><div class=\"panel-row-style panel-row-style-for-18-0\" ><div id=\"pgc-18-0-0\"  class=\"panel-grid-cell\" ><div id=\"panel-18-0-0-0\" class=\"so-panel widget widget_sow-editor panel-first-child panel-last-child\" data-index=\"0\" ><div id=\"referencie\" class=\"panel-widget-style panel-widget-style-for-18-0-0-0\" ><div class=\"so-widget-sow-editor so-widget-sow-editor-base\">\n<div class=\"siteorigin-widget-tinymce textwidget\">\n\t<h3><img loading=\"lazy\" decoding=\"async\" class=\"alignnone size-full wp-image-600\" src=\"http:\/\/llakurzy.sk\/ochranaosobnychudajov\/wp-content\/uploads\/2018\/03\/wk.png\" alt=\"\" width=\"595\" height=\"160\" srcset=\"http:\/\/llakurzy.sk\/ochranaosobnychudajov\/wp-content\/uploads\/2018\/03\/wk.png 595w, http:\/\/llakurzy.sk\/ochranaosobnychudajov\/wp-content\/uploads\/2018\/03\/wk-300x81.png 300w\" sizes=\"auto, (max-width: 595px) 100vw, 595px\" \/><\/h3><\/div>\n<\/div><\/div><\/div><\/div><div id=\"pgc-18-0-1\"  class=\"panel-grid-cell\" ><div id=\"panel-18-0-1-0\" class=\"so-panel widget widget_sow-editor panel-first-child panel-last-child\" data-index=\"1\" ><div id=\"referencie\" class=\"panel-widget-style panel-widget-style-for-18-0-1-0\" ><div class=\"so-widget-sow-editor so-widget-sow-editor-base\">\n<div class=\"siteorigin-widget-tinymce textwidget\">\n\t<h3>Wolters Kluwer<\/h3>\nWolters Kluwer je jedn\u00fdm z popredn\u00fdch svetov\u00fdch vydavate\u013eov a poskytovate\u013eov informa\u010dn\u00fdch produktov a slu\u017eieb. S\u00fastre\u010fuje sa hlavne na trhy v oblasti zdravotn\u00edctva, dan\u00ed, \u00fa\u010dtovn\u00edctva, korpor\u00e1tnych slu\u017eieb, finan\u010dn\u00fdch slu\u017eieb, pr\u00e1va a regul\u00e1cie, vzdel\u00e1vania. V slovenskej republike je prev\u00e1dzkovate\u013eom Automatizovan\u00e9ho Syst\u00e9mu Pr\u00e1vnych Inform\u00e1ci\u00ed (ASPI) ako modern\u00e9ho a komplexn\u00e9ho syst\u00e9mu poskytuj\u00facemu u\u017e\u00edvate\u013eovi r\u00fdchlu orient\u00e1ciu pri pr\u00e1ci s pr\u00e1vnymi normami a s\u00favisiacimi pr\u00e1vnymi inform\u00e1ciami.<\/div>\n<\/div><\/div><\/div><\/div><\/div><\/div><div id=\"pg-18-1\"  class=\"panel-grid panel-has-style\" ><div class=\"panel-row-style panel-row-style-for-18-1\" ><div id=\"pgc-18-1-0\"  class=\"panel-grid-cell\" ><div id=\"panel-18-1-0-0\" class=\"so-panel widget widget_sow-editor panel-first-child panel-last-child\" data-index=\"2\" ><div id=\"referencie\" class=\"panel-widget-style panel-widget-style-for-18-1-0-0\" ><div class=\"so-widget-sow-editor so-widget-sow-editor-base\">\n<div class=\"siteorigin-widget-tinymce textwidget\">\n\t<h3><img loading=\"lazy\" decoding=\"async\" class=\"alignnone size-full wp-image-599\" src=\"http:\/\/llakurzy.sk\/ochranaosobnychudajov\/wp-content\/uploads\/2018\/03\/truni.png\" alt=\"\" width=\"199\" height=\"195\" \/><\/h3><\/div>\n<\/div><\/div><\/div><\/div><div id=\"pgc-18-1-1\"  class=\"panel-grid-cell\" ><div id=\"panel-18-1-1-0\" class=\"so-panel widget widget_sow-editor panel-first-child panel-last-child\" data-index=\"3\" ><div id=\"referencie\" class=\"panel-widget-style panel-widget-style-for-18-1-1-0\" ><div class=\"so-widget-sow-editor so-widget-sow-editor-base\">\n<div class=\"siteorigin-widget-tinymce textwidget\">\n\t<h3>Pr\u00e1vnick\u00e1 fakulta Trnavskej univerzity v Trnave<\/h3>\nPr\u00e1vnick\u00e1 fakulta Trnavskej univerzity v Trnave je centrom pr\u00e1vnick\u00e9ho vzdel\u00e1vania a vedeck\u00e9ho v\u00fdskumu v oblasti \u0161t\u00e1tu a pr\u00e1va s d\u00f4razom na mor\u00e1lne princ\u00edpy kres\u0165anstva a z\u00e1kladn\u00e9 demokratick\u00e9 z\u00e1sady pr\u00e1vneho \u0161t\u00e1tu. S\u00fabe\u017ene je orientovan\u00e1 na \u0161t\u00fadium, interpret\u00e1ciu a aplik\u00e1ciu slovensk\u00e9ho verejn\u00e9ho pr\u00e1va, slovensk\u00e9ho s\u00fakromn\u00e9ho pr\u00e1va, medzin\u00e1rodn\u00e9ho pr\u00e1va a eur\u00f3pskeho pr\u00e1va. Pr\u00e1vnick\u00e1 fakulta Trnavskej univerzity v Trnave predstavuje l\u00eddra v oblasti vedeck\u00e9ho pr\u00e1vnick\u00e9ho v\u00fdskumu v Slovenskej republike.\n\n<\/div>\n<\/div><\/div><\/div><\/div><\/div><\/div><div id=\"pg-18-2\"  class=\"panel-grid panel-has-style\" ><div class=\"panel-row-style panel-row-style-for-18-2\" ><div id=\"pgc-18-2-0\"  class=\"panel-grid-cell\" ><div id=\"panel-18-2-0-0\" class=\"so-panel widget widget_sow-editor panel-first-child panel-last-child\" data-index=\"4\" ><div id=\"referencie\" class=\"panel-widget-style panel-widget-style-for-18-2-0-0\" ><div class=\"so-widget-sow-editor so-widget-sow-editor-base\">\n<div class=\"siteorigin-widget-tinymce textwidget\">\n\t<h3>AK Henrich Du\u0161ek, s.r.o.<\/h3><\/div>\n<\/div><\/div><\/div><\/div><div id=\"pgc-18-2-1\"  class=\"panel-grid-cell\" ><div id=\"panel-18-2-1-0\" class=\"so-panel widget widget_sow-editor panel-first-child panel-last-child\" data-index=\"5\" ><div id=\"referencie\" class=\"panel-widget-style panel-widget-style-for-18-2-1-0\" ><div class=\"so-widget-sow-editor so-widget-sow-editor-base\">\n<div class=\"siteorigin-widget-tinymce textwidget\">\n\t<h3>AK Henrich Du\u0161ek, s.r.o.<\/h3>\nAdvok\u00e1tska kancel\u00e1ria AK Henrich Du\u0161ek, s. r. o. sa zaober\u00e1 poskytovan\u00edm pr\u00e1vnych slu\u017eieb so zameran\u00edm na obchodn\u00e9, ob\u010dianske, pracovn\u00e9 pr\u00e1vo a pr\u00e1vo soci\u00e1lneho zabezpe\u010denia s bohat\u00fdmi sk\u00fasenos\u0165ami aj v oblasti kolekt\u00edvneho vyjedn\u00e1vania a rie\u0161enia kolekt\u00edvnych sporov.\n\n<\/div>\n<\/div><\/div><\/div><\/div><\/div><\/div><div id=\"pg-18-3\"  class=\"panel-grid panel-has-style\" ><div class=\"panel-row-style panel-row-style-for-18-3\" ><div id=\"pgc-18-3-0\"  class=\"panel-grid-cell\" ><div id=\"panel-18-3-0-0\" class=\"so-panel widget widget_sow-editor panel-first-child panel-last-child\" data-index=\"6\" ><div id=\"referencie\" class=\"panel-widget-style panel-widget-style-for-18-3-0-0\" ><div class=\"so-widget-sow-editor so-widget-sow-editor-base\">\n<div class=\"siteorigin-widget-tinymce textwidget\">\n\t<img loading=\"lazy\" decoding=\"async\" class=\"alignnone size-full wp-image-598\" src=\"http:\/\/llakurzy.sk\/ochranaosobnychudajov\/wp-content\/uploads\/2018\/03\/fes.png\" alt=\"\" width=\"595\" height=\"322\" srcset=\"http:\/\/llakurzy.sk\/ochranaosobnychudajov\/wp-content\/uploads\/2018\/03\/fes.png 595w, http:\/\/llakurzy.sk\/ochranaosobnychudajov\/wp-content\/uploads\/2018\/03\/fes-300x162.png 300w\" sizes=\"auto, (max-width: 595px) 100vw, 595px\" \/>\n\n<\/div>\n<\/div><\/div><\/div><\/div><div id=\"pgc-18-3-1\"  class=\"panel-grid-cell\" ><div id=\"panel-18-3-1-0\" class=\"so-panel widget widget_sow-editor panel-first-child panel-last-child\" data-index=\"7\" ><div id=\"referencie\" class=\"panel-widget-style panel-widget-style-for-18-3-1-0\" ><div class=\"so-widget-sow-editor so-widget-sow-editor-base\">\n<div class=\"siteorigin-widget-tinymce textwidget\">\n\t<h3>Friedrich-Ebert-Stiftung<\/h3>\nFriedrich-Ebert-Stiftung je najstar\u0161ou politickou nad\u00e1ciou Nemecka. Pomenovan\u00e1 je po Friedrichovi Ebertovi, prvom demokraticky zvolenom r\u00ed\u0161skom prezidentovi. Ako nad\u00e1cia zameriava svoju \u010dinnos\u0165 na hodnoty soci\u00e1lnej demokracie, slobodu, spravodlivos\u0165 a solidaritu. Ako v\u0161eobecne prospe\u0161n\u00e1 in\u0161tit\u00facia p\u00f4sob\u00ed nez\u00e1visle a v jej z\u00e1ujme je podporova\u0165 pluralistick\u00fd spolo\u010densk\u00fd dial\u00f3g k politick\u00fdm v\u00fdzvam s\u00fa\u010dasnosti.<\/div>\n<\/div><\/div><\/div><\/div><\/div><\/div><\/div>","protected":false},"excerpt":{"rendered":"<p>Wolters Kluwer Wolters Kluwer je jedn\u00fdm z popredn\u00fdch svetov\u00fdch vydavate\u013eov a poskytovate\u013eov informa\u010dn\u00fdch produktov a slu\u017eieb. S\u00fastre\u010fuje sa hlavne na trhy v oblasti zdravotn\u00edctva, dan\u00ed, \u00fa\u010dtovn\u00edctva, korpor\u00e1tnych slu\u017eieb, finan\u010dn\u00fdch slu\u017eieb, pr\u00e1va a regul\u00e1cie, vzdel\u00e1vania. V slovenskej republike je prev\u00e1dzkovate\u013eom Automatizovan\u00e9ho Syst\u00e9mu Pr\u00e1vnych Inform\u00e1ci\u00ed (ASPI) ako modern\u00e9ho a komplexn\u00e9ho syst\u00e9mu poskytuj\u00facemu u\u017e\u00edvate\u013eovi r\u00fdchlu orient\u00e1ciu pri pr\u00e1ci [&hellip;]<\/p>\n","protected":false},"author":1,"featured_media":0,"parent":0,"menu_order":0,"comment_status":"closed","ping_status":"closed","template":"referenciepartneri.php","meta":{"footnotes":""},"class_list":["post-18","page","type-page","status-publish","hentry"],"_links":{"self":[{"href":"http:\/\/llakurzy.sk\/ochranaosobnychudajov\/wp-json\/wp\/v2\/pages\/18","targetHints":{"allow":["GET"]}}],"collection":[{"href":"http:\/\/llakurzy.sk\/ochranaosobnychudajov\/wp-json\/wp\/v2\/pages"}],"about":[{"href":"http:\/\/llakurzy.sk\/ochranaosobnychudajov\/wp-json\/wp\/v2\/types\/page"}],"author":[{"embeddable":true,"href":"http:\/\/llakurzy.sk\/ochranaosobnychudajov\/wp-json\/wp\/v2\/users\/1"}],"replies":[{"embeddable":true,"href":"http:\/\/llakurzy.sk\/ochranaosobnychudajov\/wp-json\/wp\/v2\/comments?post=18"}],"version-history":[{"count":106,"href":"http:\/\/llakurzy.sk\/ochranaosobnychudajov\/wp-json\/wp\/v2\/pages\/18\/revisions"}],"predecessor-version":[{"id":602,"href":"http:\/\/llakurzy.sk\/ochranaosobnychudajov\/wp-json\/wp\/v2\/pages\/18\/revisions\/602"}],"wp:attachment":[{"href":"http:\/\/llakurzy.sk\/ochranaosobnychudajov\/wp-json\/wp\/v2\/media?parent=18"}],"curies":[{"name":"wp","href":"https:\/\/api.w.org\/{rel}","templated":true}]}}